{"id":953,"date":"2022-07-08T11:08:34","date_gmt":"2022-07-08T09:08:34","guid":{"rendered":"https:\/\/past-software.de\/wordpress\/?page_id=953"},"modified":"2022-07-08T11:38:37","modified_gmt":"2022-07-08T09:38:37","slug":"past-zeiterfassung-2","status":"publish","type":"page","link":"https:\/\/past-software.de\/wordpress\/past-zeiterfassung-2\/","title":{"rendered":"PAST Zeiterfassung"},"content":{"rendered":"<div id=\"pl-953\"  class=\"panel-layout\" ><div id=\"pg-953-0\"  class=\"panel-grid panel-no-style\" ><div id=\"pgc-953-0-0\"  class=\"panel-grid-cell\" ><div id=\"panel-953-0-0-0\" class=\"so-panel widget widget_sow-editor panel-first-child panel-last-child\" data-index=\"0\" ><div\n\t\t\t\n\t\t\tclass=\"so-widget-sow-editor so-widget-sow-editor-base\"\n\t\t\t\n\t\t>\n<div class=\"siteorigin-widget-tinymce textwidget\">\n\t<h3 style=\"text-align: center;\">Arbeitgeber sind verpflichtet, jede Arbeitsstunde ihrer Angestellten exakt zu erfassen. So entschied der Europ\u00e4ischen Gerichtshof (EuGH). Wegen des Urteils zur genauen Arbeitszeiterfassung werden sich viele Einrichtungen umstellen m\u00fcssen.<\/h3>\n<\/div>\n<\/div><\/div><\/div><\/div><div id=\"pg-953-1\"  class=\"panel-grid panel-no-style\" ><div id=\"pgc-953-1-0\"  class=\"panel-grid-cell\" ><div id=\"panel-953-1-0-0\" class=\"so-panel widget widget_sow-image panel-first-child panel-last-child\" data-index=\"1\" ><div\n\t\t\t\n\t\t\tclass=\"so-widget-sow-image so-widget-sow-image-default-c67d20f9f743-953\"\n\t\t\t\n\t\t>\n<div class=\"sow-image-container\">\n\t\t<img \n\tsrc=\"https:\/\/past-software.de\/wordpress\/wp-content\/uploads\/2021\/10\/zeiterfassung_titel-2.png\" width=\"350\" height=\"350\" srcset=\"https:\/\/past-software.de\/wordpress\/wp-content\/uploads\/2021\/10\/zeiterfassung_titel-2.png 592w, https:\/\/past-software.de\/wordpress\/wp-content\/uploads\/2021\/10\/zeiterfassung_titel-2-277x300.png 277w\" sizes=\"(max-width: 323px) 100vw, 323px\" alt=\"\" \t\tclass=\"so-widget-image\"\/>\n\t<\/div>\n\n<\/div><\/div><\/div><div id=\"pgc-953-1-1\"  class=\"panel-grid-cell\" ><div id=\"panel-953-1-1-0\" class=\"so-panel widget widget_sow-editor panel-first-child panel-last-child\" data-index=\"2\" ><div\n\t\t\t\n\t\t\tclass=\"so-widget-sow-editor so-widget-sow-editor-base\"\n\t\t\t\n\t\t>\n<div class=\"siteorigin-widget-tinymce textwidget\">\n\t<p>Durch die Anbindung einer hardwaregest\u00fctzten Arbeitszeiterfassung an PAST Software k\u00f6nnen Mitarbeiterinnen und Mitarbeiter ihre Arbeitstzeiten \u00fcber einen Transponder Chip mit einem Reader oder einem IPhone selbst erfassen. Die \u00fcbermittelten Daten werden automatisch in den Mitarbeiterstamm \u00fcbergeben. Dann k\u00f6nnen die Dienstplanverantwortlichen diese auf Wunsch automatisch in den Dienstplan \u00fcbernehmen. Verschiedene Arbeitszeitmodelle, Zeitkonten f\u00fcr Istzeit \/ Sollzeit \/ \u00dcberstunden. Zeit sparen mit moderner Zeiterfassung:<br \/>\n<strong>Erfassen \u2013 Planen \u2013 Korrigieren \u2013 Auswerten<\/strong><\/p>\n<\/div>\n<\/div><\/div><\/div><\/div><div id=\"pg-953-2\"  class=\"panel-grid panel-no-style\" ><div id=\"pgc-953-2-0\"  class=\"panel-grid-cell\" ><div id=\"panel-953-2-0-0\" class=\"so-panel widget widget_sow-editor panel-first-child panel-last-child\" data-index=\"3\" ><div\n\t\t\t\n\t\t\tclass=\"so-widget-sow-editor so-widget-sow-editor-base\"\n\t\t\t\n\t\t>\n<div class=\"siteorigin-widget-tinymce textwidget\">\n\t<p>Als integrierte L\u00f6sung bietet Ihnen die <strong>PAST Zeiterfassung <\/strong>Vorteile durch die unmittelbare Einbindung in den Mitarbeiterstamm und dem Dienstplan. Die erfassten Daten werden auf dem Mobilger\u00e4t gespeichert und im Anschluss an das PC System \u00fcbertragen. Ob im B\u00fcro, Mobil oder im Homeoffice mit unserer Personalzeiterfassung geh\u00f6ren handschriftliche Stundenzettel ab jetzt der Vergangenheit an. Verschiedene Exportschnittstellen erm\u00f6glichen Ihnen die Stundenauswertungen in Excel und CSV Format auszugeben.<\/p>\n<\/div>\n<\/div><\/div><\/div><div id=\"pgc-953-2-1\"  class=\"panel-grid-cell\" ><div id=\"panel-953-2-1-0\" class=\"so-panel widget widget_sow-image panel-first-child panel-last-child\" data-index=\"4\" ><div\n\t\t\t\n\t\t\tclass=\"so-widget-sow-image so-widget-sow-image-default-c67d20f9f743-953\"\n\t\t\t\n\t\t>\n<div class=\"sow-image-container\">\n\t\t<img \n\tsrc=\"https:\/\/past-software.de\/wordpress\/wp-content\/uploads\/2022\/07\/nfc_Hand-1-768x765.jpg\" width=\"350\" height=\"350\" srcset=\"https:\/\/past-software.de\/wordpress\/wp-content\/uploads\/2022\/07\/nfc_Hand-1-768x765.jpg 768w, https:\/\/past-software.de\/wordpress\/wp-content\/uploads\/2022\/07\/nfc_Hand-1-300x300.jpg 300w, https:\/\/past-software.de\/wordpress\/wp-content\/uploads\/2022\/07\/nfc_Hand-1-1024x1020.jpg 1024w, https:\/\/past-software.de\/wordpress\/wp-content\/uploads\/2022\/07\/nfc_Hand-1-150x150.jpg 150w, https:\/\/past-software.de\/wordpress\/wp-content\/uploads\/2022\/07\/nfc_Hand-1.jpg 1280w\" sizes=\"(max-width: 350px) 100vw, 350px\" title=\"nfc_Hand\" alt=\"\" \t\tclass=\"so-widget-image\"\/>\n\t<\/div>\n\n<\/div><\/div><\/div><\/div><\/div>","protected":false},"excerpt":{"rendered":"<p>Arbeitgeber sind verpflichtet, jede Arbeitsstunde ihrer Angestellten exakt zu erfassen. So entschied der Europ\u00e4ischen Gerichtshof (EuGH). Wegen des Urteils zur genauen Arbeitszeiterfassung werden sich viele Einrichtungen umstellen m\u00fcssen. Durch die Anbindung einer hardwaregest\u00fctzten Arbeitszeiterfassung an PAST Software k\u00f6nnen Mitarbeiterinnen und Mitarbeiter ihre Arbeitstzeiten \u00fcber einen Transponder Chip mit einem Reader oder einem IPhone selbst erfassen. [&hellip;]<\/p>\n","protected":false},"author":1,"featured_media":0,"parent":0,"menu_order":0,"comment_status":"closed","ping_status":"closed","template":"","meta":{"footnotes":""},"class_list":["post-953","page","type-page","status-publish","hentry","post"],"_links":{"self":[{"href":"https:\/\/past-software.de\/wordpress\/wp-json\/wp\/v2\/pages\/953","targetHints":{"allow":["GET"]}}],"collection":[{"href":"https:\/\/past-software.de\/wordpress\/wp-json\/wp\/v2\/pages"}],"about":[{"href":"https:\/\/past-software.de\/wordpress\/wp-json\/wp\/v2\/types\/page"}],"author":[{"embeddable":true,"href":"https:\/\/past-software.de\/wordpress\/wp-json\/wp\/v2\/users\/1"}],"replies":[{"embeddable":true,"href":"https:\/\/past-software.de\/wordpress\/wp-json\/wp\/v2\/comments?post=953"}],"version-history":[{"count":37,"href":"https:\/\/past-software.de\/wordpress\/wp-json\/wp\/v2\/pages\/953\/revisions"}],"predecessor-version":[{"id":991,"href":"https:\/\/past-software.de\/wordpress\/wp-json\/wp\/v2\/pages\/953\/revisions\/991"}],"wp:attachment":[{"href":"https:\/\/past-software.de\/wordpress\/wp-json\/wp\/v2\/media?parent=953"}],"curies":[{"name":"wp","href":"https:\/\/api.w.org\/{rel}","templated":true}]}}