{"id":90,"date":"2021-10-15T10:31:02","date_gmt":"2021-10-15T08:31:02","guid":{"rendered":"https:\/\/past-software.de\/wordpress\/?page_id=90"},"modified":"2022-07-08T10:49:44","modified_gmt":"2022-07-08T08:49:44","slug":"mobil","status":"publish","type":"page","link":"https:\/\/past-software.de\/wordpress\/mobil\/","title":{"rendered":"PAST mobil1"},"content":{"rendered":"\n<div class=\"wp-block-columns is-layout-flex wp-container-core-columns-is-layout-9d6595d7 wp-block-columns-is-layout-flex\">\n<div class=\"wp-block-column is-layout-flow wp-block-column-is-layout-flow\">\n<p class=\"has-medium-font-size\"><strong>PAST mobil ist der ideale Einstieg in die digitalgest\u00fctzte Pflegeversorgung<br>f\u00fcr Sie und Ihre Mitarbeiter.<\/strong><\/p>\n\n\n\n<p>Mit unserer App haben Sie dank der digitalen Patientenakte alle wichtigen Informationen <br>jederzeit griffbereit.<\/p>\n\n\n\n<p>Ihre Mitarbeiter gewinnen durch PAST mobil einen Assistenten zur einfachen Dokumentation ihrer Eins\u00e4tze.<\/p>\n\n\n\n<p>Dabei werden erbrachte Leistungen und Einsatzzeiten in Echtzeit erfasst und s\u00e4mtliche Daten stehen anschlie\u00dfend am Computer zur Verf\u00fcgung.<\/p>\n\n\n\n<p>Zusammen mit der Personalzeiterfassung von PAST geh\u00f6ren handschriftliche Stundenzettel ab jetzt der Vergangenheit an. Die mobil erfassen Arbeitszeiten werden mittels Exportschnittstellen an die Lohnbuchhaltung bzw. Steuerkanzlei weitergeleitet.<\/p>\n<\/div>\n<\/div>\n\n\n<div id=\"pl-gb90-69f0c0697b8ca\"  class=\"panel-layout\" ><div id=\"pg-gb90-69f0c0697b8ca-0\"  class=\"panel-grid panel-no-style\" ><div id=\"pgc-gb90-69f0c0697b8ca-0-0\"  class=\"panel-grid-cell panel-grid-cell-empty\" ><\/div><\/div><div id=\"pg-gb90-69f0c0697b8ca-1\"  class=\"panel-grid panel-no-style\" ><div id=\"pgc-gb90-69f0c0697b8ca-1-0\"  class=\"panel-grid-cell\" ><div id=\"panel-gb90-69f0c0697b8ca-1-0-0\" class=\"so-panel widget widget_sow-editor panel-first-child panel-last-child\" data-index=\"0\" ><div\n\t\t\t\n\t\t\tclass=\"so-widget-sow-editor so-widget-sow-editor-base\"\n\t\t\t\n\t\t>\n<div class=\"siteorigin-widget-tinymce textwidget\">\n\t<p>&nbsp;<\/p>\n<p>&nbsp;<\/p>\n<h5>\u2666 mobile Leistungserfassung<br \/>\n\u2666 Kundenaufnahme<br \/>\n\u2666 Kostenvoranschl\u00e4ge<br \/>\n\u2666 Lagerung<br \/>\n\u2666 Vitalwerte<br \/>\n\u2666 Wunddokumentation<br \/>\n\u2666 Tourenplan<br \/>\n\u2666 Berichte<br \/>\n\u2666 Medikamentenplan<br \/>\n\u2666 Sturzprotokolle<br \/>\n\u2666 SIS ambulant<\/h5>\n<\/div>\n<\/div><\/div><\/div><div id=\"pgc-gb90-69f0c0697b8ca-1-1\"  class=\"panel-grid-cell\" ><div id=\"panel-gb90-69f0c0697b8ca-1-1-0\" class=\"so-panel widget widget_sow-image panel-first-child panel-last-child\" data-index=\"1\" ><div\n\t\t\t\n\t\t\tclass=\"so-widget-sow-image so-widget-sow-image-default-4e6925654b7a-90\"\n\t\t\t\n\t\t>\n<div class=\"sow-image-container\">\n\t\t<img \n\tsrc=\"https:\/\/past-software.de\/wordpress\/wp-content\/uploads\/2021\/10\/ipad_neu1.png\" width=\"668\" height=\"705\" srcset=\"https:\/\/past-software.de\/wordpress\/wp-content\/uploads\/2021\/10\/ipad_neu1.png 668w, https:\/\/past-software.de\/wordpress\/wp-content\/uploads\/2021\/10\/ipad_neu1-284x300.png 284w\" sizes=\"(max-width: 668px) 100vw, 668px\" alt=\"\" \t\tclass=\"so-widget-image\"\/>\n\t<\/div>\n\n<\/div><\/div><\/div><\/div><\/div>\n\n<div id=\"pl-gb90-69f0c0697c8b0\"  class=\"panel-layout\" ><div id=\"pg-gb90-69f0c0697c8b0-0\"  class=\"panel-grid panel-no-style\" ><div id=\"pgc-gb90-69f0c0697c8b0-0-0\"  class=\"panel-grid-cell panel-grid-cell-empty\" ><\/div><\/div><div id=\"pg-gb90-69f0c0697c8b0-1\"  class=\"panel-grid panel-no-style\" ><div id=\"pgc-gb90-69f0c0697c8b0-1-0\"  class=\"panel-grid-cell\" ><div id=\"panel-gb90-69f0c0697c8b0-1-0-0\" class=\"so-panel widget widget_sow-image panel-first-child panel-last-child\" data-index=\"0\" ><div\n\t\t\t\n\t\t\tclass=\"so-widget-sow-image so-widget-sow-image-default-8b5b6f678277-90\"\n\t\t\t\n\t\t>\n<div class=\"sow-image-container\">\n\t\t<img \n\tsrc=\"https:\/\/past-software.de\/wordpress\/wp-content\/uploads\/2021\/10\/IPADD_11-1-1024x819.png\" width=\"720\" height=\"576\" srcset=\"https:\/\/past-software.de\/wordpress\/wp-content\/uploads\/2021\/10\/IPADD_11-1-1024x819.png 1024w, https:\/\/past-software.de\/wordpress\/wp-content\/uploads\/2021\/10\/IPADD_11-1-300x240.png 300w, https:\/\/past-software.de\/wordpress\/wp-content\/uploads\/2021\/10\/IPADD_11-1-768x614.png 768w, https:\/\/past-software.de\/wordpress\/wp-content\/uploads\/2021\/10\/IPADD_11-1-1536x1229.png 1536w, https:\/\/past-software.de\/wordpress\/wp-content\/uploads\/2021\/10\/IPADD_11-1-2048x1638.png 2048w\" sizes=\"(max-width: 720px) 100vw, 720px\" alt=\"\" \t\tclass=\"so-widget-image\"\/>\n\t<\/div>\n\n<\/div><\/div><\/div><div id=\"pgc-gb90-69f0c0697c8b0-1-1\"  class=\"panel-grid-cell\" ><div id=\"panel-gb90-69f0c0697c8b0-1-1-0\" class=\"so-panel widget widget_sow-editor panel-first-child panel-last-child\" data-index=\"1\" ><div\n\t\t\t\n\t\t\tclass=\"so-widget-sow-editor so-widget-sow-editor-base\"\n\t\t\t\n\t\t>\n<div class=\"siteorigin-widget-tinymce textwidget\">\n\t<h4><\/h4>\n<p>&nbsp;<\/p>\n<h4><strong>Kostenvoranschl\u00e4ge direkt vor Ort erstellen<br \/>\n<\/strong><\/h4>\n<h5>Erstellen Sie vor Ort bei der Aufnahme der Kunden individuelle Kostenvoranschl\u00e4ge. Mit dem IPad k\u00f6nnen Sie s\u00e4mtliche Leistungen schnell und einfach in einem Angebot zusammenstellen, welches Sie anschlie\u00dfend per E-Mail verschicken oder \u00fcber einen AirPrint-f\u00e4higen Drucker ausdrucken k\u00f6nnen. Sie sparen so wertvolle Zeit und beschleunigen den Entscheidungsprozess der Kunden und deren Angeh\u00f6rigen.<\/h5>\n<\/div>\n<\/div><\/div><\/div><\/div><\/div>","protected":false},"excerpt":{"rendered":"<p>PAST mobil ist der ideale Einstieg in die digitalgest\u00fctzte Pflegeversorgungf\u00fcr Sie und Ihre Mitarbeiter. Mit unserer App haben Sie dank der digitalen Patientenakte alle wichtigen Informationen jederzeit griffbereit. Ihre Mitarbeiter gewinnen durch PAST mobil einen Assistenten zur einfachen Dokumentation ihrer Eins\u00e4tze. Dabei werden erbrachte Leistungen und Einsatzzeiten in Echtzeit erfasst und s\u00e4mtliche Daten stehen anschlie\u00dfend [&hellip;]<\/p>\n","protected":false},"author":1,"featured_media":0,"parent":0,"menu_order":0,"comment_status":"closed","ping_status":"closed","template":"","meta":{"footnotes":""},"class_list":["post-90","page","type-page","status-publish","hentry","post"],"_links":{"self":[{"href":"https:\/\/past-software.de\/wordpress\/wp-json\/wp\/v2\/pages\/90","targetHints":{"allow":["GET"]}}],"collection":[{"href":"https:\/\/past-software.de\/wordpress\/wp-json\/wp\/v2\/pages"}],"about":[{"href":"https:\/\/past-software.de\/wordpress\/wp-json\/wp\/v2\/types\/page"}],"author":[{"embeddable":true,"href":"https:\/\/past-software.de\/wordpress\/wp-json\/wp\/v2\/users\/1"}],"replies":[{"embeddable":true,"href":"https:\/\/past-software.de\/wordpress\/wp-json\/wp\/v2\/comments?post=90"}],"version-history":[{"count":60,"href":"https:\/\/past-software.de\/wordpress\/wp-json\/wp\/v2\/pages\/90\/revisions"}],"predecessor-version":[{"id":940,"href":"https:\/\/past-software.de\/wordpress\/wp-json\/wp\/v2\/pages\/90\/revisions\/940"}],"wp:attachment":[{"href":"https:\/\/past-software.de\/wordpress\/wp-json\/wp\/v2\/media?parent=90"}],"curies":[{"name":"wp","href":"https:\/\/api.w.org\/{rel}","templated":true}]}}