{"id":820,"date":"2022-07-07T14:28:25","date_gmt":"2022-07-07T12:28:25","guid":{"rendered":"https:\/\/past-software.de\/wordpress\/?page_id=820"},"modified":"2022-07-08T10:59:49","modified_gmt":"2022-07-08T08:59:49","slug":"past-mobil","status":"publish","type":"page","link":"https:\/\/past-software.de\/wordpress\/past-mobil\/","title":{"rendered":"PAST mobil"},"content":{"rendered":"<div id=\"pl-820\"  class=\"panel-layout\" ><div id=\"pg-820-0\"  class=\"panel-grid panel-no-style\" ><div id=\"pgc-820-0-0\"  class=\"panel-grid-cell\" ><div id=\"panel-820-0-0-0\" class=\"so-panel widget widget_sow-editor panel-first-child panel-last-child\" data-index=\"0\" ><div\n\t\t\t\n\t\t\tclass=\"so-widget-sow-editor so-widget-sow-editor-base\"\n\t\t\t\n\t\t>\n<div class=\"siteorigin-widget-tinymce textwidget\">\n\t<div class=\"wp-container-2 wp-block-columns\">\n<div class=\"wp-container-1 wp-block-column\">\n<h2 style=\"text-align: center;\">PAST mobil ist der ideale Einstieg in die digital gest\u00fctzte Pflegeversorgung f\u00fcr Ihre Mitarbeiter<\/h2>\n<p style=\"text-align: center;\">Mit unserer App haben Sie dank der digitalen Patientenakte alle wichtigen Informationen jederzeit griffbereit. Ihre Mitarbeiter gewinnen durch PAST mobil einen Assistenten zur einfachen Dokumentation ihrer Eins\u00e4tze.<br \/>\nDabei werden erbrachte Leistungen und Einsatzzeiten in Echtzeit erfasst und s\u00e4mtliche Daten stehen anschlie\u00dfend am Computer zur Verf\u00fcgung.<\/p>\n<p style=\"text-align: center;\">Zusammen mit der Personalzeiterfassung von PAST geh\u00f6ren handschriftliche Stundenzettel ab jetzt der Vergangenheit an. Die mobil erfassen Arbeitszeiten werden mittels Exportschnittstellen an die Lohnbuchhaltung bzw. Steuerkanzlei weitergeleitet.<\/p>\n<\/div>\n<\/div>\n<\/div>\n<\/div><\/div><\/div><\/div><div id=\"pg-820-1\"  class=\"panel-grid panel-no-style\" ><div id=\"pgc-820-1-0\"  class=\"panel-grid-cell\" ><div id=\"panel-820-1-0-0\" class=\"so-panel widget widget_sow-editor panel-first-child panel-last-child\" data-index=\"1\" ><div\n\t\t\t\n\t\t\tclass=\"so-widget-sow-editor so-widget-sow-editor-base\"\n\t\t\t\n\t\t>\n<div class=\"siteorigin-widget-tinymce textwidget\">\n\t<h3><strong>Digitale Kundenaufnahme:<\/strong><\/h3>\n<p>Mit PAST mobil vergessen Sie keine wichtigen Unterlagen mehr bei der Aufnahme neuer Kunden! Erfassen Sie alle wichtigen Informationen direkt auf dem Mobilger\u00e4t. Sie k\u00f6nnen bei der Aufnahme der Daten Ihres Neukunden direkt einen Kostenvoranschlag und die Abtretungserkl\u00e4rung erstellen.<\/p>\n<h3><strong>Digitale Patientenakte:<\/strong><\/h3>\n<p>Dank der Dokumentenmappe haben Ihre Mitarbeiter bereits angelegte Pflegedokumentationen stets im Blick und k\u00f6nnen diese jederzeit erweitern. Egal ob Vitalwerte, Lagerungsprotokolle, Schmerzskalen, Bedarfsmedikationen, Berichte, Wunddokumentationen bis hin zur SIS ambulant mit PAST mobil stehen Ihnen alle wichtigen Informationen jederzeit zur Verf\u00fcgung.<\/p>\n<p>&nbsp;<\/p>\n<\/div>\n<\/div><\/div><\/div><div id=\"pgc-820-1-1\"  class=\"panel-grid-cell\" ><div id=\"panel-820-1-1-0\" class=\"so-panel widget widget_sow-image panel-first-child panel-last-child\" data-index=\"2\" ><div\n\t\t\t\n\t\t\tclass=\"so-widget-sow-image so-widget-sow-image-default-8b5b6f678277-820\"\n\t\t\t\n\t\t>\n<div class=\"sow-image-container\">\n\t\t<img \n\tsrc=\"https:\/\/past-software.de\/wordpress\/wp-content\/uploads\/2021\/10\/ipad_neu1.png\" width=\"668\" height=\"705\" srcset=\"https:\/\/past-software.de\/wordpress\/wp-content\/uploads\/2021\/10\/ipad_neu1.png 668w, https:\/\/past-software.de\/wordpress\/wp-content\/uploads\/2021\/10\/ipad_neu1-284x300.png 284w\" sizes=\"(max-width: 668px) 100vw, 668px\" alt=\"\" \t\tclass=\"so-widget-image\"\/>\n\t<\/div>\n\n<\/div><\/div><\/div><\/div><div id=\"pg-820-2\"  class=\"panel-grid panel-no-style\" ><div id=\"pgc-820-2-0\"  class=\"panel-grid-cell\" ><div id=\"panel-820-2-0-0\" class=\"so-panel widget widget_text panel-first-child panel-last-child\" data-index=\"3\" >\t\t\t<div class=\"textwidget\"><p><a href=\"https:\/\/past-software.de\/wordpress\/wp-content\/uploads\/2022\/07\/Aufnahme_Ipad.jpg\">\n<table id=\"tablepress-2\" class=\"tablepress tablepress-id-2\">\n<thead>\n<tr class=\"row-1\">\n\t<th class=\"column-1\"><b>Aufnahmebogen<\/b><br><br \/>\n<a href=\"https:\/\/past-software.de\/wordpress\/wp-content\/uploads\/2022\/07\/Aufnahme_Ipad.jpg\"><img loading=\"lazy\" decoding=\"async\" src=\"https:\/\/past-software.de\/wordpress\/wp-content\/uploads\/2022\/07\/Aufnahme_Ipad-150x150.jpg\" alt=\"\" width=\"150\" height=\"150\" class=\"alignnone size-thumbnail wp-image-893\" \/><\/a><\/th><th class=\"column-2\"><b>Dokumappe<\/b><br><br \/>\n<a href=\"https:\/\/past-software.de\/wordpress\/wp-content\/uploads\/2022\/07\/Dokumappe.jpg\"><img loading=\"lazy\" decoding=\"async\" src=\"https:\/\/past-software.de\/wordpress\/wp-content\/uploads\/2022\/07\/Dokumappe-150x150.jpg\" alt=\"\" width=\"150\" height=\"150\" class=\"alignnone size-thumbnail wp-image-905\" \/><\/a><\/th><th class=\"column-3\"><b>Medikamentenplan<\/b><br><br \/>\n<a href=\"https:\/\/past-software.de\/wordpress\/wp-content\/uploads\/2022\/07\/mediplan.jpg\"><img loading=\"lazy\" decoding=\"async\" src=\"https:\/\/past-software.de\/wordpress\/wp-content\/uploads\/2022\/07\/mediplan-150x150.jpg\" alt=\"\" width=\"150\" height=\"150\" class=\"alignnone size-thumbnail wp-image-907\" \/><\/a><\/th><th class=\"column-4\"><b>Wunddokumentation<\/b><br><br \/>\n<a href=\"https:\/\/past-software.de\/wordpress\/wp-content\/uploads\/2022\/07\/wunde.jpg\"><img loading=\"lazy\" decoding=\"async\" src=\"https:\/\/past-software.de\/wordpress\/wp-content\/uploads\/2022\/07\/wunde-150x150.jpg\" alt=\"\" width=\"150\" height=\"150\" class=\"alignnone size-thumbnail wp-image-908\" \/><\/a><\/th><th class=\"column-5\"><b>Sturzprotokoll<\/b><br><br \/>\n<a href=\"https:\/\/past-software.de\/wordpress\/wp-content\/uploads\/2022\/07\/sturzprotokoll.jpg\"><img loading=\"lazy\" decoding=\"async\" src=\"https:\/\/past-software.de\/wordpress\/wp-content\/uploads\/2022\/07\/sturzprotokoll-150x150.jpg\" alt=\"\" width=\"150\" height=\"150\" class=\"alignnone size-thumbnail wp-image-910\" \/><\/a><\/th><th class=\"column-6\"><b>SIS Risikomatrix<\/b><br><br \/>\n<a href=\"https:\/\/past-software.de\/wordpress\/wp-content\/uploads\/2022\/07\/SIS_Risiko.jpg\"><img loading=\"lazy\" decoding=\"async\" src=\"https:\/\/past-software.de\/wordpress\/wp-content\/uploads\/2022\/07\/SIS_Risiko-150x150.jpg\" alt=\"\" width=\"150\" height=\"150\" class=\"alignnone size-thumbnail wp-image-911\" \/><\/a><br \/>\n<p align=\"right\" <b> uvm...<\/b><\/p><\/th>\n<\/tr>\n<\/thead>\n<tbody class=\"row-striping row-hover\">\n<\/tbody>\n<\/table>\n<!-- #tablepress-2 from cache --><\/a><\/p>\n<p>&nbsp;<\/p>\n<\/div>\n\t\t<\/div><\/div><\/div><div id=\"pg-820-3\"  class=\"panel-grid panel-no-style\" ><div id=\"pgc-820-3-0\"  class=\"panel-grid-cell\" ><div id=\"panel-820-3-0-0\" class=\"so-panel widget widget_sow-editor panel-first-child panel-last-child\" data-index=\"4\" ><div\n\t\t\t\n\t\t\tclass=\"so-widget-sow-editor so-widget-sow-editor-base\"\n\t\t\t\n\t\t>\n<div class=\"siteorigin-widget-tinymce textwidget\">\n\t<h2 style=\"text-align: center;\"><strong>PAST mobil bietet Ihnen eine Vielzahl von Pflegedokumenten, die Sie direkt vor Ort bei Ihren Kunden einsehen und erweitern k\u00f6nnen.<\/strong><\/h2>\n<\/div>\n<\/div><\/div><\/div><\/div><div id=\"pg-820-4\"  class=\"panel-grid panel-no-style\" ><div id=\"pgc-820-4-0\"  class=\"panel-grid-cell\" ><div id=\"panel-820-4-0-0\" class=\"so-panel widget widget_sow-image panel-first-child panel-last-child\" data-index=\"5\" ><div\n\t\t\t\n\t\t\tclass=\"so-widget-sow-image so-widget-sow-image-default-8b5b6f678277-820\"\n\t\t\t\n\t\t>\n<div class=\"sow-image-container\">\n\t\t<img \n\tsrc=\"https:\/\/past-software.de\/wordpress\/wp-content\/uploads\/2021\/10\/IPADD_11-1.png\" width=\"2500\" height=\"2000\" srcset=\"https:\/\/past-software.de\/wordpress\/wp-content\/uploads\/2021\/10\/IPADD_11-1.png 2500w, https:\/\/past-software.de\/wordpress\/wp-content\/uploads\/2021\/10\/IPADD_11-1-300x240.png 300w, https:\/\/past-software.de\/wordpress\/wp-content\/uploads\/2021\/10\/IPADD_11-1-1024x819.png 1024w, https:\/\/past-software.de\/wordpress\/wp-content\/uploads\/2021\/10\/IPADD_11-1-768x614.png 768w, https:\/\/past-software.de\/wordpress\/wp-content\/uploads\/2021\/10\/IPADD_11-1-1536x1229.png 1536w, https:\/\/past-software.de\/wordpress\/wp-content\/uploads\/2021\/10\/IPADD_11-1-2048x1638.png 2048w\" sizes=\"(max-width: 2500px) 100vw, 2500px\" alt=\"\" \t\tclass=\"so-widget-image\"\/>\n\t<\/div>\n\n<\/div><\/div><\/div><div id=\"pgc-820-4-1\"  class=\"panel-grid-cell\" ><div id=\"panel-820-4-1-0\" class=\"so-panel widget widget_sow-editor panel-first-child panel-last-child\" data-index=\"6\" ><div\n\t\t\t\n\t\t\tclass=\"so-widget-sow-editor so-widget-sow-editor-base\"\n\t\t\t\n\t\t>\n<div class=\"siteorigin-widget-tinymce textwidget\">\n\t<h3><strong><br \/>\nPAST mobil im \u00dcberblick<br \/>\n<\/strong><\/h3>\n<h5>\u2666 mobile Leistungserfassung<br \/>\n\u2666 Einsatzzeiten in Echtzeit<br \/>\n\u2666 Kundenaufnahme<br \/>\n\u2666 Kostenvoranschl\u00e4ge<br \/>\n\u2666 Lagerung<br \/>\n\u2666 Vitalwerte<br \/>\n\u2666 Wunddokumentation<br \/>\n\u2666 Berichte<br \/>\n\u2666 Medikamentenplan<br \/>\n\u2666 Sturzprotokolle<br \/>\n\u2666 SIS ambulant<\/h5>\n<p>&nbsp;<\/p>\n<p>&nbsp;<\/p>\n<p>&nbsp;<\/p>\n<\/div>\n<\/div><\/div><\/div><\/div><\/div>","protected":false},"excerpt":{"rendered":"<p>PAST mobil ist der ideale Einstieg in die digital gest\u00fctzte Pflegeversorgung f\u00fcr Ihre Mitarbeiter Mit unserer App haben Sie dank der digitalen Patientenakte alle wichtigen Informationen jederzeit griffbereit. Ihre Mitarbeiter gewinnen durch PAST mobil einen Assistenten zur einfachen Dokumentation ihrer Eins\u00e4tze. Dabei werden erbrachte Leistungen und Einsatzzeiten in Echtzeit erfasst und s\u00e4mtliche Daten stehen anschlie\u00dfend [&hellip;]<\/p>\n","protected":false},"author":1,"featured_media":0,"parent":0,"menu_order":0,"comment_status":"closed","ping_status":"closed","template":"","meta":{"footnotes":""},"class_list":["post-820","page","type-page","status-publish","hentry","post"],"_links":{"self":[{"href":"https:\/\/past-software.de\/wordpress\/wp-json\/wp\/v2\/pages\/820","targetHints":{"allow":["GET"]}}],"collection":[{"href":"https:\/\/past-software.de\/wordpress\/wp-json\/wp\/v2\/pages"}],"about":[{"href":"https:\/\/past-software.de\/wordpress\/wp-json\/wp\/v2\/types\/page"}],"author":[{"embeddable":true,"href":"https:\/\/past-software.de\/wordpress\/wp-json\/wp\/v2\/users\/1"}],"replies":[{"embeddable":true,"href":"https:\/\/past-software.de\/wordpress\/wp-json\/wp\/v2\/comments?post=820"}],"version-history":[{"count":83,"href":"https:\/\/past-software.de\/wordpress\/wp-json\/wp\/v2\/pages\/820\/revisions"}],"predecessor-version":[{"id":946,"href":"https:\/\/past-software.de\/wordpress\/wp-json\/wp\/v2\/pages\/820\/revisions\/946"}],"wp:attachment":[{"href":"https:\/\/past-software.de\/wordpress\/wp-json\/wp\/v2\/media?parent=820"}],"curies":[{"name":"wp","href":"https:\/\/api.w.org\/{rel}","templated":true}]}}