{"id":437,"date":"2022-01-12T14:29:42","date_gmt":"2022-01-12T13:29:42","guid":{"rendered":"https:\/\/past-software.de\/wordpress\/?page_id=437"},"modified":"2023-10-06T12:35:32","modified_gmt":"2023-10-06T10:35:32","slug":"faq","status":"publish","type":"page","link":"https:\/\/past-software.de\/wordpress\/faq\/","title":{"rendered":"FAQ"},"content":{"rendered":"<div id=\"pl-437\"  class=\"panel-layout\" ><div id=\"pg-437-0\"  class=\"panel-grid panel-no-style\" ><div id=\"pgc-437-0-0\"  class=\"panel-grid-cell\" ><div id=\"panel-437-0-0-0\" class=\"so-panel widget widget_sow-editor panel-first-child panel-last-child\" data-index=\"0\" ><div\n\t\t\t\n\t\t\tclass=\"so-widget-sow-editor so-widget-sow-editor-base\"\n\t\t\t\n\t\t><h3 class=\"widget-title\">FAQ - H\u00e4ufig gestellte Fragen zum PAST Software<\/h3>\n<div class=\"siteorigin-widget-tinymce textwidget\">\n\t<p>Einf\u00fchrende Informationen zu vielen Aspekten von PAST Software finden Sie in unseren FAQ (Frequently Asked Questions). Sollten Ihre Fragen in den FAQ nicht beantwortet werden, helfen wir Ihnen gerne per E-Mail (<a href=\"mailto:info@bitfarm-archiv.com\">info@past-software.de<\/a>) oder Telefon (+49 (0)821 \/2722962) weiter.<\/p>\n<h3 class=\"c-intro-content__headline\">Fristver\u00e4nderung zur Verwendung der Besch\u00e4ftigtennummer<\/h3>\n<p>Seit dem 01.01.2023 sind vorliegende lebenslange Besch\u00e4ftigtennummern (<abbr title=\"lebenslange Besch\u00e4ftigtennummer\">LBNR<\/abbr>) beim elektronischen Datenaustausch zur Abrechnung ambulanter Pflegeleistungen, die unter den \u00a7 293(8) <abbr title=\"Sozialgesetzbuch F\u00fcnftes Buch\">SGB V<\/abbr> fallen, zu verwenden. Liegen diese nicht vor, sollte die sogenannte \u201eErsatz-Besch\u00e4ftigtennummer\u201c verwendet werden. Dies gilt bis zum 31. August 2024. Ab dann ist mit der\u00a0<abbr title=\"lebenslange Besch\u00e4ftigtennummer\">LBNR<\/abbr>\u00a0abzurechnen.<\/p>\n<p>Diese Regelung geht auf eine Absprache zwischen dem Bundesministerium f\u00fcr Gesundheit, dem\u00a0<abbr title=\"Gesetzliche Krankenversicherung\">GKV<\/abbr>-Spitzenverband, den Verb\u00e4nden der Pflege- und Krankenkassen auf Bundesebene und den Verb\u00e4nden der Pflegedienste auf Bundesebene zur\u00fcck.<\/p>\n<p>Sollten Sie noch keine\u00a0<abbr title=\"lebenslange Besch\u00e4ftigtennummer\">LBNR<\/abbr> f\u00fcr ihre Mitarbeitenden haben, sollten sie dies bis sp\u00e4testens im 2.\u00a0Quartal 2024 beim <abbr title=\"Besch\u00e4ftigtenverzeichnis der ambulanten Pflege\">BeVaP<\/abbr> beantragen.<\/p>\n<p>F\u00fcr Fragen rund um das Besch\u00e4ftigtenverzeichnis und dessen Nutzung steht Ihnen das Support-Team des\u00a0<abbr title=\"Besch\u00e4ftigtenverzeichnis der ambulanten Pflege\">BeVaP<\/abbr>\u00a0gerne zur Verf\u00fcgung.<\/p>\n<p>Bei Fragen zur Leistungsabrechnung wenden Sie sich bitte an die zust\u00e4ndigen Verb\u00e4nde der Pflege- und Krankenkassen oder die Verb\u00e4nde der Leistungserbringer.<\/p>\n<p>N\u00e4here Informationen zur Fristver\u00e4nderung und zur \u201eErsatz-Besch\u00e4ftigtennummer\u201c entnehmen Sie bitte den Empfehlungen der Kassen- und Leistungserbringerverb\u00e4nde, diese werden aktuell entsprechend den neuen Fristen \u00fcberarbeitet und zeitnah hier zur Verf\u00fcgung gestellt.<\/p>\n<p>Weitere Informationen zur Fristver\u00e4nderung erhalten Sie unter: <a href=\"https:\/\/www.bfarm.de\/DE\/Das-BfArM\/Aufgaben\/BeVaP\/BeVaP-Aktuelles\/News\/BeVaP_Fristver%C3%A4nderung.html\">https:\/\/www.bevap-bund.de<\/a><\/p>\n<h3 class=\"header \">Lebenslange Besch\u00e4ftigtennummern (<abbr title=\"lebenslange Besch\u00e4ftigtennummer\">LBNR<\/abbr>)<\/h3>\n<h5 class=\"header \">Seit dem 01.01.2023 sind vorliegende lebenslange Besch\u00e4ftigtennummern (<abbr title=\"lebenslange Besch\u00e4ftigtennummer\">LBNR<\/abbr>) beim elektronischen Datenaustausch zur Abrechnung ambulanter Pflegeleistungen, die unter den \u00a7292(8) <abbr title=\"Sozialgesetzbuch F\u00fcnftes Buch\">SGB V<\/abbr> fallen, zu verwenden. Liegen diese nicht vor, sollte die sogenannte \u201eErsatz-Besch\u00e4ftigtennummer\u201c verwendet werden. Dies gilt bis zum 30. September 2023. Ab dann ist mit der <abbr title=\"lebenslange Besch\u00e4ftigtennummer\">LBNR<\/abbr> abzurechnen.<\/h5>\n<ul>\n<li>\n<p class=\"western\">Das <strong>Besch\u00e4ftigungsverzeichnis (BeVaP)<\/strong> ist ein bundesweites Verzeichnis aller Pflegedienste, Betreuungsdienste und anderer Einrichtungen, die h\u00e4usliche Krankenpflege, au\u00dferklinische Intensivpflege oder h\u00e4usliche Pflegehilfe anbieten. Das Besch\u00e4ftigungsverzeichnis soll dazu dienen, Leistungsnachweise zu digitalisieren und handschriftliche Belege zu ersetzen.<\/p>\n<\/li>\n<li>\n<p class=\"western\">Im Besch\u00e4ftigungsverzeichnis m\u00fcssen Pflegekr\u00e4fte aufgelistet werden und mit einer <strong>lebenslangen Besch\u00e4ftigtennummer (LBNR)<\/strong> versehen werden. Diese 9-stellige Nummer dient der genauen Zuordnung der Pflegeperson und bleibt \u2013\u00a0 bis zum Lebensende erhalten.<\/p>\n<\/li>\n<\/ul>\n<p>Wir empfehlen die noch fehlende <abbr title=\"lebenslange Besch\u00e4ftigtennummer\">LBNR<\/abbr> in der ersten H\u00e4lfte dieses Jahres (2023) zu besorgen.<\/p>\n<p>Weitere Informationen erhalten Sie unter: <a href=\"https:\/\/www.bevap-bund.de\/\">https:\/\/www.bevap-bund.de<\/a> \u00a0\u00a0\u00a0 und \u00a0 \u00a0 <a href=\"https:\/\/www.bfarm.de\/DE\/Das-BfArM\/Aufgaben\/BeVaP\/_node.html\">https:\/\/www.bfarm.de\/DE\/Das-BfArM\/Aufgaben\/BeVaP\/_node.html<\/a><\/p>\n<p>&nbsp;<\/p>\n<\/div>\n<\/div><\/div><\/div><\/div><div id=\"pg-437-1\"  class=\"panel-grid panel-no-style\" ><div id=\"pgc-437-1-0\"  class=\"panel-grid-cell\" ><div id=\"panel-437-1-0-0\" class=\"so-panel widget widget_sow-editor panel-first-child panel-last-child\" data-index=\"1\" ><div\n\t\t\t\n\t\t\tclass=\"so-widget-sow-editor so-widget-sow-editor-base\"\n\t\t\t\n\t\t><h3 class=\"widget-title\">Support Ende<\/h3>\n<div class=\"siteorigin-widget-tinymce textwidget\">\n\t<p>1.4.23<\/p>\n<p class=\"Default\"><span style=\"font-size: 11.5pt;\">Das ITSG Trust-Center hat eine neue Version von dakota.le 7.4 Build 2 f\u00fcr bereitgestellt. <\/span><\/p>\n<p class=\"Default\"><span style=\"font-size: 11.5pt;\">Die neue dakota Version wurde optimiert und unterst\u00fctzt das neue Antragsverfahren des Trustcenters. <\/span><\/p>\n<p>Diese Version muss ab 01.07.2023 eingesetzt werden, da das alte Antragsverfahren zum 31.06.2023 abgeschaltet wird. Somit endet auch der Support f\u00fcr vorige dakota.le Versionen.<\/p>\n<p>Weiterhin stellt Microsoft den Support f\u00fcr Windows 7 im Januar 2020 ein.<\/p>\n<p>Wir empfehlen Kunden, immer die neueste Version der FileMaker Plattform zu benutzen, um von den Verbesserungen in Performance, Sicherheit und Betriebssystem-Kompatibilit\u00e4t zu profitieren.<\/p>\n<div class=\"l-canvas type_wide\">\n<section class=\"l-section wpb_row us_custom_b03640aa height_auto width_full\">\n<div class=\"l-section-h i-cf\">\n<div class=\"g-cols vc_row type_default valign_top\">\n<div class=\"vc_col-sm-12 wpb_column vc_column_container\">\n<div class=\"vc_column-inner\">\n<div class=\"wpb_wrapper\">\n<div class=\"w-post-elm post_content\">\n<section class=\"l-section wpb_row height_auto\">\n<div class=\"l-section-h i-cf\">\n<div class=\"g-cols vc_row type_default valign_top\">\n<div class=\"vc_col-sm-9 wpb_column vc_column_container with_overlay\">\n<div class=\"vc_column-inner\">\n<div class=\"wpb_wrapper\">\n<div class=\"wpb_text_column us_custom_6e9a6269\">\n<div class=\"wpb_wrapper\">\n<h2>Supportende von FileMaker 16 und FileMaker 17 (EOL)<\/h2>\n<div class=\"l-canvas type_wide\">\n<section class=\"l-section wpb_row us_custom_b03640aa height_auto width_full\">\n<div class=\"l-section-h i-cf\">\n<div class=\"g-cols vc_row type_default valign_top\">\n<div class=\"vc_col-sm-12 wpb_column vc_column_container\">\n<div class=\"vc_column-inner\">\n<div class=\"wpb_wrapper\">\n<div class=\"w-post-elm post_content\">\n<section class=\"l-section wpb_row height_medium\">\n<div class=\"l-section-h i-cf\">\n<div class=\"g-cols vc_row type_default valign_top\">\n<div class=\"vc_col-sm-12 wpb_column vc_column_container\">\n<div class=\"vc_column-inner\">\n<div class=\"wpb_wrapper\">\n<div class=\"wpb_text_column\">\n<div class=\"wpb_wrapper\">\n<p>Seit dem 18. September 2020 stehen die FileMaker 16 und FileMaker 17 \u2013 Plattformen nicht mehr f\u00fcr den Direktvertrieb und Support zur Verf\u00fcgung.<\/p>\n<p>Dies beinhaltet ebenfalls: technischen Support, Ersatzmedien, Downgrade-Medien und Downgrade-Lizenzschl\u00fcssel.<\/p>\n<\/div>\n<\/div>\n<\/div>\n<\/div>\n<\/div>\n<\/div>\n<\/div>\n<\/section>\n<\/div>\n<\/div>\n<\/div>\n<\/div>\n<\/div>\n<\/div>\n<\/section>\n<\/div>\n<\/div>\n<\/div>\n<\/div>\n<\/div>\n<\/div>\n<\/div>\n<\/div>\n<\/section>\n<\/div>\n<\/div>\n<\/div>\n<\/div>\n<\/div>\n<\/div>\n<\/section>\n<p>&nbsp;<\/p>\n<\/div>\n<\/div>\n<\/div><\/div><\/div><\/div><div id=\"pg-437-2\"  class=\"panel-grid panel-no-style\" ><div id=\"pgc-437-2-0\"  class=\"panel-grid-cell\" ><div id=\"panel-437-2-0-0\" class=\"so-panel widget widget_sow-editor panel-first-child\" data-index=\"2\" ><div\n\t\t\t\n\t\t\tclass=\"so-widget-sow-editor so-widget-sow-editor-base\"\n\t\t\t\n\t\t><h3 class=\"widget-title\"> Technische Voraussetzungen<\/h3>\n<div class=\"siteorigin-widget-tinymce textwidget\">\n\t<p>PAST Software f\u00fcr Pflegedienste unterst\u00fctzt alle hier aufgef\u00fchrten FileMaker Versionen.<br \/>\nVolle Funktionalit\u00e4t erhalten Sie mit den Versionen ab FileMaker 19.<br \/>\nUm von den Neuerungen in PAST Software f\u00fcr Pflegedienste profitieren zu k\u00f6nnen wird aber empfohlen die aktuelle Version der FileMaker-Plattform zu verwenden.<\/p>\n<p>FileMaker Versionen letzter Versionsstand<\/p>\n<p>FileMaker:\u00a0\u00a0\u00a0\u00a0\u00a0\u00a0\u00a0\u00a0\u00a0\u00a0\u00a0\u00a0\u00a0\u00a0\u00a0\u00a0\u00a0\u00a0\u00a0\u00a0\u00a0\u00a0\u00a0\u00a0\u00a0\u00a0\u00a0\u00a0\u00a0\u00a0\u00a0\u00a0\u00a0\u00a0\u00a0\u00a0\u00a0\u00a0\u00a0\u00a0\u00a0\u00a0\u00a0\u00a0\u00a0\u00a0\u00a0\u00a0\u00a0\u00a0\u00a0\u00a0\u00a0\u00a0\u00a0\u00a0 Version:<\/p>\n<p>FileMaker Pro 19\u00a0 64Bit\u00a0\u00a0\u00a0\u00a0\u00a0\u00a0\u00a0\u00a0\u00a0\u00a0\u00a0\u00a0\u00a0\u00a0\u00a0\u00a0\u00a0\u00a0\u00a0\u00a0\u00a0\u00a0\u00a0\u00a0\u00a0\u00a0\u00a0\u00a0\u00a0\u00a0\u00a0\u00a0 \u00a0\u00a0 19.6.3<\/p>\n<p>Claris FileMaker Pro 2023 \u00a0\u00a0\u00a0\u00a0\u00a0\u00a0 \u00a0 \u00a0 \u00a0 \u00a0 \u00a0 \u00a0 \u00a0 \u00a0 \u00a0 \u00a0 \u00a0\u00a0 20.1.1.35<\/p>\n<\/div>\n<\/div><\/div><div id=\"panel-437-2-0-1\" class=\"so-panel widget widget_sow-editor panel-last-child\" data-index=\"3\" ><div\n\t\t\t\n\t\t\tclass=\"so-widget-sow-editor so-widget-sow-editor-base\"\n\t\t\t\n\t\t>\n<div class=\"siteorigin-widget-tinymce textwidget\">\n\t<div class=\"faq__content\">\n<p>PAST Software ben\u00f6tigt auf der Serverseite einen Windows Server ab 2012, 2016, 2019. Bei kleinen Installationen (bis 5 Benutzer B\u00fcro) kann auch Windows 10 als \"Host\" eingesetzt werden. Linux kann als Datenbankserver benutzt werden. Die Standardempfehlung lautet aber bei mittleren Installationen, einen handels\u00fcblichen Server oder VM mit Windows-Betriebssystem einzusetzen. Linux ist dazu nicht erforderlich.<\/p>\n<p>Clientseitig wird ebenfalls Windows verwendet, alle Windows-Versionen ab Windows 10 sind kompatibel.<\/p>\n<\/div>\n<\/div>\n<\/div><\/div><\/div><\/div><div id=\"pg-437-3\"  class=\"panel-grid panel-no-style\" ><div id=\"pgc-437-3-0\"  class=\"panel-grid-cell\" ><div id=\"panel-437-3-0-0\" class=\"so-panel widget widget_sow-editor panel-first-child panel-last-child\" data-index=\"4\" ><div\n\t\t\t\n\t\t\tclass=\"so-widget-sow-editor so-widget-sow-editor-base\"\n\t\t\t\n\t\t><h3 class=\"widget-title\">IK Nummern in die Krankenkasse \u00fcbernehmen<\/h3>\n<div class=\"siteorigin-widget-tinymce textwidget\">\n\t<div class=\"faq__content\">\n<p>So hinterlegen Sie zus\u00e4tzliche Kostentr\u00e4ger IK im System: Krankenkassen, Pflegekassen, Sozialhilfetr\u00e4ger, private Krankenversicherungen, Krankenversicherungstr\u00e4ger au\u00dferhalb der gesetzlichen Krankenversicherung<\/p>\n<p>Sie k\u00f6nnen im Stammblatt der Kostentr\u00e4ger das Institutionskennzeichen (IK) f\u00fcr Krankenkassen (10xxxxxxx), Pflegekassen (18xxxxxxx), Sozialhilfetr\u00e4ger (13xxxxxxx), f\u00fcr private Krankenversicherungen (16xxxxxxx) und f\u00fcr Krankenversicherungstr\u00e4ger au\u00dferhalb der gesetzlichen Krankenversicherung (95xxxxxxx) hinterlegen.<\/p>\n<p>Und so einfach und schnell hinterlegen Sie neue Kostentr\u00e4ger-IKs:<br \/>\n\u25fe Klicken Sie das Feld IK Kasse und geben Sie das IK der Krankenkasse ein.<br \/>\n\u25fe Von dort gelangen Sie nach einem weiteren Klick auf den blauen Button in der Liste \"Abrechnungsstelle Namen\" auf die Seite der Erfassung der einzelnen Kostentr\u00e4ger.<br \/>\n\u25fe\u00a0Im Bereich \u201eLeistungsart\u201c hinterlegen Sie die Leistungsart f\u00fcr die der Kostentr\u00e4ger gew\u00e4hlt werden soll und geben entsprechen die IK Nr f\u00fcr diesen Kostentr\u00e4ger ein.<\/p>\n<p>Wozu das Institutionskennzeichen gebraucht wird<\/p>\n<p>Das Institutionskennzeichen (IK) dient in der Abrechnung mit den Krankenkassen als eindeutige Identifikation der Leistungserbringer. Es besteht aus einer neunstelligen Ziffernfolge, hinter der ein Datensatz steckt. Alle Vertragspartner, die f\u00fcr die Sozialversicherungstr\u00e4ger Leistungen erbringen, bekommen ein IK f\u00fcr<\/p>\n<\/div>\n<\/div>\n<\/div><\/div><\/div><\/div><div id=\"pg-437-4\"  class=\"panel-grid panel-no-style\" ><div id=\"pgc-437-4-0\"  class=\"panel-grid-cell\" ><div id=\"panel-437-4-0-0\" class=\"so-panel widget widget_sow-editor panel-first-child panel-last-child\" data-index=\"5\" ><div\n\t\t\t\n\t\t\tclass=\"so-widget-sow-editor so-widget-sow-editor-base\"\n\t\t\t\n\t\t><h3 class=\"widget-title\">DTA-Schnittstelle: Abrechnung mit allen Kostentr\u00e4gern <\/h3>\n<div class=\"siteorigin-widget-tinymce textwidget\">\n\t<h2>Daten \u00fcbergeben:<\/h2>\n<p>Die Abrechnung per Datentr\u00e4geraustausch (DTA), so wie es viele Pflege- und Krankenkassen sowie sonstigen Kostentr\u00e4ger vorgeben, ist dann aber noch nicht erledigt.<br \/>\nCopy &amp; Paste oder gar das h\u00e4ndische Eintippen von Daten ist nicht nur zeitaufwendig und extrem eint\u00f6nig, sondern auch anf\u00e4llig f\u00fcr Fl\u00fcchtigkeitsfehler.<\/p>\n<h2>Die Vorteile der DTA-Schnittstelle zu daktotale<\/h2>\n<p>Nach der Registrierung\u00a0 k\u00f6nnen Sie direkt loslegen und alle abrechnungsrelevanten Daten aus PAST nach dakotale \u00fcbergeben.<\/p>\n<ul>\n<li>Automatische Rechnungsverschl\u00fcsselung und -Versand \u00fcber dakotale<\/li>\n<\/ul>\n<h3>Welche Systemvoraussetzungen werden f\u00fcr dakota 7.0 und h\u00f6here Versionen ben\u00f6tigt?<\/h3>\n<ul>\n<li>Windows 10<\/li>\n<li>8 GB RAM<\/li>\n<li>ca. 100 GB Festplattenplatz<\/li>\n<li>Internetzugang, Microsoft.net Framework 4.0 Client oder .net Framework 3.5.1 SP1<\/li>\n<li>Drucker<\/li>\n<\/ul>\n<p>Dakotale LE unterst\u00fctzt ausschlie\u00dflich Windows Betriebssysteme.<\/p>\n<ul>\n<li>Weitere Angaben und Info unter der Hompegae der ITSG:<\/li>\n<li>http:\/\/www.itsg.de\/oeffentliche-services\/dakota-le\/faqs\/<\/li>\n<\/ul>\n<\/div>\n<\/div><\/div><\/div><\/div><div id=\"pg-437-5\"  class=\"panel-grid panel-no-style\" ><div id=\"pgc-437-5-0\"  class=\"panel-grid-cell\" ><div id=\"panel-437-5-0-0\" class=\"so-panel widget widget_sow-editor panel-first-child panel-last-child\" data-index=\"6\" ><div\n\t\t\t\n\t\t\tclass=\"so-widget-sow-editor so-widget-sow-editor-base\"\n\t\t\t\n\t\t><h3 class=\"widget-title\">PAST Sosftware Datensicherung<\/h3>\n<div class=\"siteorigin-widget-tinymce textwidget\">\n\t<p><strong>Wie funktioniert die Datensicherung?<\/strong><\/p>\n<div id=\"faq-4496\" class=\"arconix-faq-wrap\">\n<div class=\"arconix-faq-content faq-open\">\n<p>Sofern Sie eine FileMaker-Server L\u00f6sung einsetzen, werden die Datensicherungen von PAST Software automatisch erstellt. Bei einer lokal installierten PAST Software-Version bzw. einer Host-Installation m\u00fcssen die Backups manuell durch den Benutzer durchgef\u00fchrt werden. Um ein Backup von PAST Software zu erstellen, kopieren Sie einfach den entsprechenden Ordner PAST mit allen Dateien in Ihr Backupverzeichnis.<\/p>\n<p>Bitte beachten Sie, dass das Programm PAST \u00a0bei Durchf\u00fchrung des Backups geschlossen sein muss. Sollte PAST im ge\u00f6ffneten Zustand gesichert werden, kann dies zu Datenverlust und defekten Backupdateien f\u00fchren!<\/p>\n<p>Sollten Sie TimeMachine auf dem MAC einsetzen, muss das Backup der PAST-Software separat vorgenommen werden, es sei denn die Datenbank ist zum Zeitpunkt der TimeMachine-Sicherung geschlossen.<\/p>\n<p>Bewahren Sie Ihre PAST-Datensicherungen an einem sicheren Ort auf!<\/p>\n<\/div>\n<\/div>\n<\/div>\n<\/div><\/div><\/div><\/div><div id=\"pg-437-6\"  class=\"panel-grid panel-no-style\" ><div id=\"pgc-437-6-0\"  class=\"panel-grid-cell\" ><div id=\"panel-437-6-0-0\" class=\"so-panel widget widget_sow-editor panel-first-child panel-last-child\" data-index=\"7\" ><div\n\t\t\t\n\t\t\tclass=\"so-widget-sow-editor so-widget-sow-editor-base\"\n\t\t\t\n\t\t><h3 class=\"widget-title\">PAST Software im Netzwerk<\/h3>\n<div class=\"siteorigin-widget-tinymce textwidget\">\n\t<div id=\"faq-4485\" class=\"arconix-faq-wrap\">\n<div id=\"faq-IstfileWorkerMulti-Userfhig\" class=\"arconix-faq-title faq-open\">Ist PAST Software Multi-User f\u00e4hig?<\/div>\n<div class=\"arconix-faq-content faq-open\">\n<p>PAST Software ist netzwerkf\u00e4hig und kann f\u00fcr mehrere Arbeitspl\u00e4tze im Netzwerk eingesetzt werden. Hierbei wird PAST Software auf einem Arbeitsplatz installiert und in Ihrem Netzwerk ver\u00f6ffentlicht. Andere Benutzer k\u00f6nnen PAST Software starten und gemeinsam in einer Version arbeiten.<\/p>\n<\/div>\n<\/div>\n<\/div>\n<\/div><\/div><\/div><\/div><\/div>","protected":false},"excerpt":{"rendered":"<p>Einf\u00fchrende Informationen zu vielen Aspekten von PAST Software finden Sie in unseren FAQ (Frequently Asked Questions). Sollten Ihre Fragen in den FAQ nicht beantwortet werden, helfen wir Ihnen gerne per E-Mail (info@past-software.de) oder Telefon (+49 (0)821 \/2722962) weiter. Fristver\u00e4nderung zur Verwendung der Besch\u00e4ftigtennummer Seit dem 01.01.2023 sind vorliegende lebenslange Besch\u00e4ftigtennummern (LBNR) beim elektronischen Datenaustausch zur [&hellip;]<\/p>\n","protected":false},"author":1,"featured_media":0,"parent":0,"menu_order":0,"comment_status":"closed","ping_status":"closed","template":"","meta":{"footnotes":""},"class_list":["post-437","page","type-page","status-publish","hentry","post"],"_links":{"self":[{"href":"https:\/\/past-software.de\/wordpress\/wp-json\/wp\/v2\/pages\/437","targetHints":{"allow":["GET"]}}],"collection":[{"href":"https:\/\/past-software.de\/wordpress\/wp-json\/wp\/v2\/pages"}],"about":[{"href":"https:\/\/past-software.de\/wordpress\/wp-json\/wp\/v2\/types\/page"}],"author":[{"embeddable":true,"href":"https:\/\/past-software.de\/wordpress\/wp-json\/wp\/v2\/users\/1"}],"replies":[{"embeddable":true,"href":"https:\/\/past-software.de\/wordpress\/wp-json\/wp\/v2\/comments?post=437"}],"version-history":[{"count":37,"href":"https:\/\/past-software.de\/wordpress\/wp-json\/wp\/v2\/pages\/437\/revisions"}],"predecessor-version":[{"id":1406,"href":"https:\/\/past-software.de\/wordpress\/wp-json\/wp\/v2\/pages\/437\/revisions\/1406"}],"wp:attachment":[{"href":"https:\/\/past-software.de\/wordpress\/wp-json\/wp\/v2\/media?parent=437"}],"curies":[{"name":"wp","href":"https:\/\/api.w.org\/{rel}","templated":true}]}}