{"id":374,"date":"2022-01-07T10:55:43","date_gmt":"2022-01-07T09:55:43","guid":{"rendered":"https:\/\/past-software.de\/wordpress\/?page_id=374"},"modified":"2022-01-07T10:55:45","modified_gmt":"2022-01-07T09:55:45","slug":"schulung","status":"publish","type":"page","link":"https:\/\/past-software.de\/wordpress\/schulung\/","title":{"rendered":"Schulung"},"content":{"rendered":"<div id=\"pl-374\"  class=\"panel-layout\" ><div id=\"pg-374-0\"  class=\"panel-grid panel-no-style\" ><div id=\"pgc-374-0-0\"  class=\"panel-grid-cell\" ><div id=\"panel-374-0-0-0\" class=\"so-panel widget widget_sow-editor panel-first-child\" data-index=\"0\" ><div\n\t\t\t\n\t\t\tclass=\"so-widget-sow-editor so-widget-sow-editor-base\"\n\t\t\t\n\t\t>\n<div class=\"siteorigin-widget-tinymce textwidget\">\n\t\n<table id=\"tablepress-1\" class=\"tablepress tablepress-id-1\">\n<thead>\n<tr class=\"row-1\">\n\t<th colspan=\"2\" class=\"column-1\"><em>Wir bieten Ihnen Onlineschulungen an, in denen Programmabl\u00e4ufe und Funktionen online im Internet pr\u00e4sentiert werden.<br \/>\nWahlweise haben Sie dabei die M\u00f6glichkeit sich den Schulungsinhalt entweder nur vorf\u00fchren zu lassen oder das Programm unter Anleitung selbst zu bedienen.<br \/>\nSelbstverst\u00e4ndlich k\u00f6nnen die Schulungsinhalte individuell angepasst werden. Problemspezifische Workshops versetzen Sie binnen k\u00fcrzester Zeit in die Lage, schnell und sicher mit dem jeweiligen Programmmodulen zu arbeiten.<br \/>\nVoraussetzung f\u00fcr die Onlineschulung ist ein Rechner mit Internetzugang sowie ein Telefon mit Freisprecheinrichtung.<br \/>\nAlle Angaben zzgl. 19%  MwSt.<\/em><br \/>\n<\/th>\n<\/tr>\n<\/thead>\n<tbody class=\"row-striping row-hover\">\n<tr class=\"row-2\">\n\t<td class=\"column-1\"><strong>Telefonische Kurzeinweisung <\/strong><br \/>\nBei Programmkauf k\u00f6nnen Sie eine kostenfreie telefonische Kurzeinweisung vereinbaren.<\/td><td class=\"column-2\">0,00 \u20ac<\/td>\n<\/tr>\n<tr class=\"row-3\">\n\t<td class=\"column-1\"><strong>Basisschulung<\/strong><br \/>\nSie erhalten einen \u00dcberblick \u00fcber Programmaufbau und lernen den Umgang mit grundlegenden Programmfunktionen kennen. Dauer ca. 45 min <\/td><td class=\"column-2\">75,00 \u20ac<\/td>\n<\/tr>\n<tr class=\"row-4\">\n\t<td class=\"column-1\"><strong>Intensivschulung<\/strong><br \/>\nSie lernen Funktion und Wirkungsweise aller Bedienelemente kennen und erhalten eine Einweisung in ausgew\u00e4hlte Programmabl\u00e4ufe und -funktionen.<br \/>\nDauer ca. 1,5 h <\/td><td class=\"column-2\">125,00 \u20ac<\/td>\n<\/tr>\n<tr class=\"row-5\">\n\t<td class=\"column-1\"><strong>Workshop<\/strong><br \/>\nIm Workshop werden kundenspezifische Themen in Form von Praxisbeispielen behandelt und erl\u00e4utert. Dauer ca. 1,5 h<\/td><td class=\"column-2\">125,00 \u20ac<\/td>\n<\/tr>\n<tr class=\"row-6\">\n\t<td class=\"column-1\"><strong>Individualschulung<\/strong><br \/>\nBei der Individualschulung bestimmen Sie Inhalt und Dauer. Die Abrechnung erfolgt stundenweise.<\/td><td class=\"column-2\">85,00 \u20ac<\/td>\n<\/tr>\n<\/tbody>\n<\/table>\n<!-- #tablepress-1 from cache -->\n<\/div>\n<\/div><\/div><div id=\"panel-374-0-0-1\" class=\"so-panel widget widget_sow-editor panel-last-child\" data-index=\"1\" ><div\n\t\t\t\n\t\t\tclass=\"so-widget-sow-editor so-widget-sow-editor-base\"\n\t\t\t\n\t\t>\n<div class=\"siteorigin-widget-tinymce textwidget\">\n\t<div class=\"wpforms-container wpforms-container-full\" id=\"wpforms-368\"><form id=\"wpforms-form-368\" class=\"wpforms-validate wpforms-form wpforms-ajax-form\" data-formid=\"368\" method=\"post\" enctype=\"multipart\/form-data\" action=\"\/wordpress\/wp-json\/wp\/v2\/pages\/374\" data-token=\"40546b6abaebdaf3ef51a17079bf80a4\" data-token-time=\"1778190029\"><noscript class=\"wpforms-error-noscript\">Bitte aktiviere JavaScript in deinem Browser, um dieses Formular fertigzustellen.<\/noscript><div class=\"wpforms-field-container\"><div id=\"wpforms-368-field_1-container\" class=\"wpforms-field wpforms-field-name\" data-field-id=\"1\"><label class=\"wpforms-field-label\">Name <span class=\"wpforms-required-label\">*<\/span><\/label><div class=\"wpforms-field-row wpforms-field-medium\"><div class=\"wpforms-field-row-block wpforms-first wpforms-one-half\"><input type=\"text\" id=\"wpforms-368-field_1\" class=\"wpforms-field-name-first wpforms-field-required\" name=\"wpforms[fields][1][first]\" required><label for=\"wpforms-368-field_1\" class=\"wpforms-field-sublabel after\">Vorname<\/label><\/div><div class=\"wpforms-field-row-block wpforms-one-half\"><input type=\"text\" id=\"wpforms-368-field_1-last\" class=\"wpforms-field-name-last wpforms-field-required\" name=\"wpforms[fields][1][last]\" required><label for=\"wpforms-368-field_1-last\" class=\"wpforms-field-sublabel after\">Nachname<\/label><\/div><\/div><\/div><div id=\"wpforms-368-field_2-container\" class=\"wpforms-field wpforms-field-text\" data-field-id=\"2\"><label class=\"wpforms-field-label\" for=\"wpforms-368-field_2\">Firma <span class=\"wpforms-required-label\">*<\/span><\/label><input type=\"text\" id=\"wpforms-368-field_2\" class=\"wpforms-field-medium wpforms-field-required\" name=\"wpforms[fields][2]\" required><\/div><div id=\"wpforms-368-field_3-container\" class=\"wpforms-field wpforms-field-text\" data-field-id=\"3\"><label class=\"wpforms-field-label\" for=\"wpforms-368-field_3\">Stra\u00dfe <span class=\"wpforms-required-label\">*<\/span><\/label><input type=\"text\" id=\"wpforms-368-field_3\" class=\"wpforms-field-medium wpforms-field-required\" name=\"wpforms[fields][3]\" required><\/div><div id=\"wpforms-368-field_4-container\" class=\"wpforms-field wpforms-field-text\" data-field-id=\"4\"><label class=\"wpforms-field-label\" for=\"wpforms-368-field_4\">PLZ\/Ort <span class=\"wpforms-required-label\">*<\/span><\/label><input type=\"text\" id=\"wpforms-368-field_4\" class=\"wpforms-field-medium wpforms-field-required\" name=\"wpforms[fields][4]\" required><\/div><div id=\"wpforms-368-field_6-container\" class=\"wpforms-field wpforms-field-text\" data-field-id=\"6\"><label class=\"wpforms-field-label\" for=\"wpforms-368-field_6\">Tel. <span class=\"wpforms-required-label\">*<\/span><\/label><input type=\"text\" id=\"wpforms-368-field_6\" class=\"wpforms-field-medium wpforms-field-required\" name=\"wpforms[fields][6]\" required><\/div><div id=\"wpforms-368-field_5-container\" class=\"wpforms-field wpforms-field-text\" data-field-id=\"5\"><label class=\"wpforms-field-label\" for=\"wpforms-368-field_5\">E-Mail <span class=\"wpforms-required-label\">*<\/span><\/label><input type=\"text\" id=\"wpforms-368-field_5\" class=\"wpforms-field-medium wpforms-field-required\" name=\"wpforms[fields][5]\" required><\/div><div id=\"wpforms-368-field_7-container\" class=\"wpforms-field wpforms-field-checkbox\" data-field-id=\"7\"><label class=\"wpforms-field-label\">Ich interessiere mich f\u00fcr folgende Online-Schulung(en)<\/label><ul id=\"wpforms-368-field_7\"><li class=\"choice-1 depth-1\"><input type=\"checkbox\" id=\"wpforms-368-field_7_1\" name=\"wpforms[fields][7][]\" value=\"Basisschulung\"  ><label class=\"wpforms-field-label-inline\" for=\"wpforms-368-field_7_1\">Basisschulung<\/label><\/li><li class=\"choice-2 depth-1\"><input type=\"checkbox\" id=\"wpforms-368-field_7_2\" name=\"wpforms[fields][7][]\" value=\"Intensivschulung\"  ><label class=\"wpforms-field-label-inline\" for=\"wpforms-368-field_7_2\">Intensivschulung<\/label><\/li><li class=\"choice-3 depth-1\"><input type=\"checkbox\" id=\"wpforms-368-field_7_3\" name=\"wpforms[fields][7][]\" value=\"Individualschulung\"  ><label class=\"wpforms-field-label-inline\" for=\"wpforms-368-field_7_3\">Individualschulung<\/label><\/li><li class=\"choice-4 depth-1\"><input type=\"checkbox\" id=\"wpforms-368-field_7_4\" name=\"wpforms[fields][7][]\" value=\"Workshop\"  ><label class=\"wpforms-field-label-inline\" for=\"wpforms-368-field_7_4\">Workshop<\/label><\/li><\/ul><\/div><div id=\"wpforms-368-field_8-container\" class=\"wpforms-field wpforms-field-textarea\" data-field-id=\"8\"><label class=\"wpforms-field-label\" for=\"wpforms-368-field_8\">Ihre Nachricht <span class=\"wpforms-required-label\">*<\/span><\/label><textarea id=\"wpforms-368-field_8\" class=\"wpforms-field-medium wpforms-field-required\" name=\"wpforms[fields][8]\" required><\/textarea><div class=\"wpforms-field-description\">Lieferzeit und Zahlungsweise:\r\n auf Rechnung (zahlbar innerhalb 14 Tagen); \r\nDer Kaufpreis versteht sich zuzgl. 19% MwSt.\r\nWiderrufsrecht:\r\nSie k\u00f6nnen Ihre Bestellungen bis 3 Tage vor Schulungstermin kostenfrei widerrufen. Zur Fristwahrung gen\u00fcgt die rechtzeitige Benachrichtigung. Kontaktaufnahme mit uns erfolgt nach Art. 6 Abs. 1 S. 1 lit. a DSGVO auf Grundlage Ihrer freiwillig erteilten Einwilligung.  <a href=\"\/\/www.past-software.de\/datenschutz\">Datenschutzerkl\u00e4rung<\/a><\/div><\/div><div id=\"wpforms-368-field_9-container\" class=\"wpforms-field wpforms-field-checkbox\" data-field-id=\"9\"><label class=\"wpforms-field-label\">Datenschutz <span class=\"wpforms-required-label\">*<\/span><\/label><ul id=\"wpforms-368-field_9\" class=\"wpforms-field-required\"><li class=\"choice-1 depth-1\"><input type=\"checkbox\" id=\"wpforms-368-field_9_1\" name=\"wpforms[fields][9][]\" value=\"Ich habe die Datenschutzerkl\u00e4rung gelesen*\" required ><label class=\"wpforms-field-label-inline\" for=\"wpforms-368-field_9_1\">Ich habe die Datenschutzerkl\u00e4rung gelesen*<\/label><\/li><\/ul><\/div><\/div><!-- .wpforms-field-container --><div class=\"wpforms-submit-container\" ><input type=\"hidden\" name=\"wpforms[id]\" value=\"368\"><input type=\"hidden\" name=\"page_title\" value=\"\"><input type=\"hidden\" name=\"page_url\" value=\"https:\/\/past-software.de\/wordpress\/wp-json\/wp\/v2\/pages\/374\"><input type=\"hidden\" name=\"url_referer\" value=\"\"><button type=\"submit\" name=\"wpforms[submit]\" id=\"wpforms-submit-368\" class=\"wpforms-submit\" data-alt-text=\"Senden...\" data-submit-text=\"Absenden\" aria-live=\"assertive\" value=\"wpforms-submit\">Absenden<\/button><img loading=\"lazy\" decoding=\"async\" src=\"https:\/\/past-software.de\/wordpress\/wp-content\/plugins\/wpforms-lite\/assets\/images\/submit-spin.svg\" class=\"wpforms-submit-spinner\" style=\"display: none;\" width=\"26\" height=\"26\" alt=\"Wird geladen\"><\/div><\/form><\/div>  <!-- .wpforms-container -->\n<\/div>\n<\/div><\/div><\/div><\/div><\/div>","protected":false},"excerpt":{"rendered":"<p>Wir bieten Ihnen Onlineschulungen an, in denen Programmabl\u00e4ufe und Funktionen online im Internet pr\u00e4sentiert werden. Wahlweise haben Sie dabei die M\u00f6glichkeit sich den Schulungsinhalt entweder nur vorf\u00fchren zu lassen oder das Programm unter Anleitung selbst zu bedienen. Selbstverst\u00e4ndlich k\u00f6nnen die Schulungsinhalte individuell angepasst werden. Problemspezifische Workshops versetzen Sie binnen k\u00fcrzester Zeit in die Lage, schnell [&hellip;]<\/p>\n","protected":false},"author":1,"featured_media":0,"parent":0,"menu_order":0,"comment_status":"closed","ping_status":"closed","template":"","meta":{"footnotes":""},"class_list":["post-374","page","type-page","status-publish","hentry","post"],"_links":{"self":[{"href":"https:\/\/past-software.de\/wordpress\/wp-json\/wp\/v2\/pages\/374","targetHints":{"allow":["GET"]}}],"collection":[{"href":"https:\/\/past-software.de\/wordpress\/wp-json\/wp\/v2\/pages"}],"about":[{"href":"https:\/\/past-software.de\/wordpress\/wp-json\/wp\/v2\/types\/page"}],"author":[{"embeddable":true,"href":"https:\/\/past-software.de\/wordpress\/wp-json\/wp\/v2\/users\/1"}],"replies":[{"embeddable":true,"href":"https:\/\/past-software.de\/wordpress\/wp-json\/wp\/v2\/comments?post=374"}],"version-history":[{"count":3,"href":"https:\/\/past-software.de\/wordpress\/wp-json\/wp\/v2\/pages\/374\/revisions"}],"predecessor-version":[{"id":377,"href":"https:\/\/past-software.de\/wordpress\/wp-json\/wp\/v2\/pages\/374\/revisions\/377"}],"wp:attachment":[{"href":"https:\/\/past-software.de\/wordpress\/wp-json\/wp\/v2\/media?parent=374"}],"curies":[{"name":"wp","href":"https:\/\/api.w.org\/{rel}","templated":true}]}}