{"id":37,"date":"2021-10-13T17:10:03","date_gmt":"2021-10-13T15:10:03","guid":{"rendered":"https:\/\/past-software.de\/wordpress\/?page_id=37"},"modified":"2025-12-11T19:57:35","modified_gmt":"2025-12-11T18:57:35","slug":"past","status":"publish","type":"page","link":"https:\/\/past-software.de\/wordpress\/","title":{"rendered":"Homepage"},"content":{"rendered":"<div id=\"pl-37\"  class=\"panel-layout\" ><div id=\"pg-37-0\"  class=\"panel-grid panel-no-style\" ><div id=\"pgc-37-0-0\"  class=\"panel-grid-cell panel-grid-cell-empty\" ><\/div><\/div><div id=\"pg-37-1\"  class=\"panel-grid panel-no-style\" ><div id=\"pgc-37-1-0\"  class=\"panel-grid-cell\" ><div id=\"panel-37-1-0-0\" class=\"so-panel widget widget_circleicon-widget panel-first-child panel-last-child\" data-index=\"0\" >\t\t<div class=\"circle-icon-box circle-icon-position-top circle-icon-hide-box circle-icon-size-small \">\n\t\t\t\t\t\t\t<div class=\"circle-icon-wrapper\">\n\t\t\t\t\t\t\t\t\t\t<div class=\"circle-icon icon-style-set\" style=\"background-color: #688834\">\n\t\t\t\t\t\t\t\t\t\t\t\t\t<div\n\t\t\t\t\t\t\t\tclass=\"fa fa-pencil-square-o  icon-style-set\"\n\t\t\t\t\t\t\t\tstyle=\"color: #ffffff\"\t\t\t\t\t\t\t><\/div>\n\t\t\t\t\t\t\t\t\t\t\t<\/div>\n\t\t\t\t\t\t\t\t\t<\/div>\n\t\t\t\n\t\t\t\t\t\t\t\t\t\t<h4 >\n\t\t\t\t\tPAST ambulant\t\t\t\t<\/h4>\n\t\t\t\t\t\t\n\t\t\t\t\t\t\t<p class=\"text\" >\n\t\t\t\tPlanung, Abrechnung  Dokumentation\t\t\t<\/p>\n\t\t\t\t\t\t\t\t\t\t<a\n\t\t\t\t\thref=\"https:\/\/past-software.de\/wordpress\/past-ambulant\/\"\n\t\t\t\t\tclass=\"more-button\"\n\t\t\t\t\t\t\t\t\t>\n\t\t\t\t\tPAST ambulant\t\t\t\t\t<i><\/i>\n\t\t\t\t<\/a>\n\t\t\t\t\t<\/div>\n\t\t<\/div><\/div><div id=\"pgc-37-1-1\"  class=\"panel-grid-cell\" ><div id=\"panel-37-1-1-0\" class=\"so-panel widget widget_circleicon-widget panel-first-child panel-last-child\" data-index=\"1\" >\t\t<div class=\"circle-icon-box circle-icon-position-top circle-icon-hide-box circle-icon-size-small \">\n\t\t\t\t\t\t\t<div class=\"circle-icon-wrapper\">\n\t\t\t\t\t\t\t\t\t\t<div class=\"circle-icon icon-style-set\" style=\"background-color: #688834\">\n\t\t\t\t\t\t\t\t\t\t\t\t\t<div\n\t\t\t\t\t\t\t\tclass=\"fa fa-mobile-phone  icon-style-set\"\n\t\t\t\t\t\t\t\tstyle=\"color: #ffffff\"\t\t\t\t\t\t\t><\/div>\n\t\t\t\t\t\t\t\t\t\t\t<\/div>\n\t\t\t\t\t\t\t\t\t<\/div>\n\t\t\t\n\t\t\t\t\t\t\t\t\t\t<h4 >\n\t\t\t\t\tPAST mobil\t\t\t\t<\/h4>\n\t\t\t\t\t\t\n\t\t\t\t\t\t\t<p class=\"text\" >\n\t\t\t\t Kundenaufnahme, Leistungserfassung vor Ort in Echtzeit\t\t\t<\/p>\n\t\t\t\t\t\t\t\t\t\t<a\n\t\t\t\t\thref=\"https:\/\/past-software.de\/wordpress\/mobil\/\"\n\t\t\t\t\tclass=\"more-button\"\n\t\t\t\t\t\t\t\t\t>\n\t\t\t\t\tPAST mobil\t\t\t\t\t<i><\/i>\n\t\t\t\t<\/a>\n\t\t\t\t\t<\/div>\n\t\t<\/div><\/div><div id=\"pgc-37-1-2\"  class=\"panel-grid-cell\" ><div id=\"panel-37-1-2-0\" class=\"so-panel widget widget_circleicon-widget panel-first-child panel-last-child\" data-index=\"2\" >\t\t<div class=\"circle-icon-box circle-icon-position-top circle-icon-hide-box circle-icon-size-small \">\n\t\t\t\t\t\t\t<div class=\"circle-icon-wrapper\">\n\t\t\t\t\t\t\t\t\t\t<div class=\"circle-icon icon-style-set\" style=\"background-color: #688834\">\n\t\t\t\t\t\t\t\t\t\t\t\t\t<div\n\t\t\t\t\t\t\t\tclass=\"fa fa-clock-o  icon-style-set\"\n\t\t\t\t\t\t\t\tstyle=\"color: #ffffff\"\t\t\t\t\t\t\t><\/div>\n\t\t\t\t\t\t\t\t\t\t\t<\/div>\n\t\t\t\t\t\t\t\t\t<\/div>\n\t\t\t\n\t\t\t\t\t\t\t\t\t\t<h4 >\n\t\t\t\t\tPAST Zeiterfassung\t\t\t\t<\/h4>\n\t\t\t\t\t\t\n\t\t\t\t\t\t\t<p class=\"text\" >\n\t\t\t\tDigitale Zeiterfassung f\u00fcr Mitarbeiter\t\t\t<\/p>\n\t\t\t\t\t\t\t\t\t\t<a\n\t\t\t\t\thref=\"https:\/\/past-software.de\/wordpress\/past-zeiterfassung\/\"\n\t\t\t\t\tclass=\"more-button\"\n\t\t\t\t\t\t\t\t\t>\n\t\t\t\t\tPAST Zeiterfassung\t\t\t\t\t<i><\/i>\n\t\t\t\t<\/a>\n\t\t\t\t\t<\/div>\n\t\t<\/div><\/div><\/div><div id=\"pg-37-2\"  class=\"panel-grid panel-no-style\" ><div id=\"pgc-37-2-0\"  class=\"panel-grid-cell\" ><div id=\"panel-37-2-0-0\" class=\"so-panel widget widget_sow-editor panel-first-child panel-last-child\" data-index=\"3\" ><div\n\t\t\t\n\t\t\tclass=\"so-widget-sow-editor so-widget-sow-editor-base\"\n\t\t\t\n\t\t>\n<div class=\"siteorigin-widget-tinymce textwidget\">\n\t<section class=\"elementor-section elementor-top-section elementor-element elementor-element-f55e1c4 elementor-section-boxed elementor-section-height-default elementor-section-height-default\" data-id=\"f55e1c4\" data-element_type=\"section\">\n<div class=\"elementor-container elementor-column-gap-default\">\n<div class=\"elementor-column elementor-col-100 elementor-top-column elementor-element elementor-element-9c1e113\" data-id=\"9c1e113\" data-element_type=\"column\">\n<div class=\"elementor-widget-wrap elementor-element-populated\">\n<div class=\"elementor-element elementor-element-6525d1d elementor-widget elementor-widget-text-editor\" data-id=\"6525d1d\" data-element_type=\"widget\" data-widget_type=\"text-editor.default\">\n<div class=\"elementor-widget-container\">\n<h1><strong>Die flexible Software f\u00fcr Pflegedienste, individuell anpassbar und erweiterbar.<\/strong><\/h1>\n<\/div>\n<\/div>\n<\/div>\n<\/div>\n<\/div>\n<\/section>\n<\/div>\n<\/div><\/div><\/div><\/div><div id=\"pg-37-3\"  class=\"panel-grid panel-no-style\" ><div id=\"pgc-37-3-0\"  class=\"panel-grid-cell\" ><div id=\"panel-37-3-0-0\" class=\"so-panel widget widget_sow-editor panel-first-child panel-last-child\" data-index=\"4\" ><div\n\t\t\t\n\t\t\tclass=\"so-widget-sow-editor so-widget-sow-editor-base\"\n\t\t\t\n\t\t>\n<div class=\"siteorigin-widget-tinymce textwidget\">\n\t<p><strong>PAST Software f\u00fcr Pflegedienste<\/strong> ist eine Software, die zur Unterst\u00fctzung f\u00fcr ambulante Pflegedienste, Betreuungsdienste, Intensivpflegedienste, Anbieter von Tagespflege, Pflegedienstgr\u00fcnder und etablierte Pflegedienste entwickelt wurde. Sie besteht aus den Modulen Kostentr\u00e4ger, Kunden, \u00c4rzte, Leistungsplanung, Artikelverwaltung, Tourenplanung, Faktura und Datentr\u00e4geraustausch, Dienstpl\u00e4ne, Mitarbeiterverwaltung und Zeiterfassung. Das System bietet viele individulelle und benutzerbezogene Einstellungen f\u00fcr die optimale Nutzung mit Arbeitsgruppen unter macOS, Windows und Apple iPad. Die Daten m\u00fcssen dabei nicht auf einem Cloud-Server gespeichet werden, sondern verbleiben in Ihrer Datenbank.<\/p>\n<\/div>\n<\/div><\/div><\/div><div id=\"pgc-37-3-1\"  class=\"panel-grid-cell\" ><div id=\"panel-37-3-1-0\" class=\"so-panel widget widget_sow-image panel-first-child panel-last-child\" data-index=\"5\" ><div\n\t\t\t\n\t\t\tclass=\"so-widget-sow-image so-widget-sow-image-default-6ec9e3772f75-37\"\n\t\t\t\n\t\t>\n<div class=\"sow-image-container\">\n\t\t<img \n\tsrc=\"https:\/\/past-software.de\/wordpress\/wp-content\/uploads\/2022\/12\/PAST_Startmaske3_Farbgruppe-1024x653.png\" width=\"720\" height=\"459\" srcset=\"https:\/\/past-software.de\/wordpress\/wp-content\/uploads\/2022\/12\/PAST_Startmaske3_Farbgruppe-1024x653.png 1024w, https:\/\/past-software.de\/wordpress\/wp-content\/uploads\/2022\/12\/PAST_Startmaske3_Farbgruppe-300x191.png 300w, https:\/\/past-software.de\/wordpress\/wp-content\/uploads\/2022\/12\/PAST_Startmaske3_Farbgruppe-768x490.png 768w, https:\/\/past-software.de\/wordpress\/wp-content\/uploads\/2022\/12\/PAST_Startmaske3_Farbgruppe-1536x979.png 1536w, https:\/\/past-software.de\/wordpress\/wp-content\/uploads\/2022\/12\/PAST_Startmaske3_Farbgruppe.png 2000w\" sizes=\"(max-width: 720px) 100vw, 720px\" alt=\"\" \t\tclass=\"so-widget-image\"\/>\n\t<\/div>\n\n<\/div><\/div><\/div><\/div><div id=\"pg-37-4\"  class=\"panel-grid panel-no-style\" ><div id=\"pgc-37-4-0\"  class=\"panel-grid-cell\" ><div id=\"panel-37-4-0-0\" class=\"so-panel widget widget_sow-editor panel-first-child panel-last-child\" data-index=\"6\" ><div\n\t\t\t\n\t\t\tclass=\"so-widget-sow-editor so-widget-sow-editor-base\"\n\t\t\t\n\t\t>\n<div class=\"siteorigin-widget-tinymce textwidget\">\n\t<section class=\"elementor-section elementor-top-section elementor-element elementor-element-f55e1c4 elementor-section-boxed elementor-section-height-default elementor-section-height-default\" data-id=\"f55e1c4\" data-element_type=\"section\">\n<div class=\"elementor-container elementor-column-gap-default\">\n<div class=\"elementor-column elementor-col-100 elementor-top-column elementor-element elementor-element-9c1e113\" data-id=\"9c1e113\" data-element_type=\"column\">\n<div class=\"elementor-widget-wrap elementor-element-populated\">\n<div class=\"elementor-element elementor-element-6525d1d elementor-widget elementor-widget-text-editor\" data-id=\"6525d1d\" data-element_type=\"widget\" data-widget_type=\"text-editor.default\">\n<div class=\"elementor-widget-container\">\n<p><strong>PAST Software f\u00fcr Pflegedienste<\/strong> basiert auf der Claris FileMaker-Plattform und kann auch durch den Benutzer mit FileMaker Pro <strong>individuell angepasst<\/strong> werden.<\/p>\n<\/div>\n<\/div>\n<\/div>\n<\/div>\n<\/div>\n<\/section>\n<\/div>\n<\/div><\/div><\/div><\/div><div id=\"pg-37-5\"  class=\"panel-grid panel-no-style\" ><div id=\"pgc-37-5-0\"  class=\"panel-grid-cell panel-grid-cell-empty\" ><\/div><div id=\"pgc-37-5-1\"  class=\"panel-grid-cell panel-grid-cell-empty panel-grid-cell-mobile-last\" ><\/div><div id=\"pgc-37-5-2\"  class=\"panel-grid-cell panel-grid-cell-empty\" ><\/div><\/div><div id=\"pg-37-6\"  class=\"panel-grid panel-no-style\" ><div id=\"pgc-37-6-0\"  class=\"panel-grid-cell\" ><div id=\"panel-37-6-0-0\" class=\"so-panel widget widget_circleicon-widget panel-first-child panel-last-child\" data-index=\"7\" >\t\t<div class=\"circle-icon-box circle-icon-position-top circle-icon-hide-box circle-icon-size-small \">\n\t\t\t\t\t\t\t<div class=\"circle-icon-wrapper\">\n\t\t\t\t\t\t\t\t\t\t<div class=\"circle-icon icon-style-set\" style=\"background-color: #688834\">\n\t\t\t\t\t\t\t\t\t\t\t\t\t<div\n\t\t\t\t\t\t\t\tclass=\"fa fa-file  icon-style-set\"\n\t\t\t\t\t\t\t\tstyle=\"color: #ffffff\"\t\t\t\t\t\t\t><\/div>\n\t\t\t\t\t\t\t\t\t\t\t<\/div>\n\t\t\t\t\t\t\t\t\t<\/div>\n\t\t\t\n\t\t\t\t\t\t\t\t\t\t<h4 >\n\t\t\t\t\tLeistungserfassung vor Ort \t\t\t\t<\/h4>\n\t\t\t\t\t\t\n\t\t\t\t\t\t\t<p class=\"text\" >\n\t\t\t\tunkompliziert, flexibel und schnell. Keine Handzeichen mehr vergessen\t\t\t<\/p>\n\t\t\t\t\t\t\t\t<\/div>\n\t\t<\/div><\/div><div id=\"pgc-37-6-1\"  class=\"panel-grid-cell\" ><div id=\"panel-37-6-1-0\" class=\"so-panel widget widget_circleicon-widget panel-first-child panel-last-child\" data-index=\"8\" >\t\t<div class=\"circle-icon-box circle-icon-position-top circle-icon-hide-box circle-icon-size-small \">\n\t\t\t\t\t\t\t<div class=\"circle-icon-wrapper\">\n\t\t\t\t\t\t\t\t\t\t<div class=\"circle-icon icon-style-set\" style=\"background-color: #688834\">\n\t\t\t\t\t\t\t\t\t\t\t\t\t<div\n\t\t\t\t\t\t\t\tclass=\"fa fa-pencil  icon-style-set\"\n\t\t\t\t\t\t\t\tstyle=\"color: #ffffff\"\t\t\t\t\t\t\t><\/div>\n\t\t\t\t\t\t\t\t\t\t\t<\/div>\n\t\t\t\t\t\t\t\t\t<\/div>\n\t\t\t\n\t\t\t\t\t\t\t\t\t\t<h4 >\n\t\t\t\t\tKundenaufnahmen \t\t\t\t<\/h4>\n\t\t\t\t\t\t\n\t\t\t\t\t\t\t<p class=\"text\" >\n\t\t\t\tAbtretungserkl\u00e4rungen und Kostenvoranschl\u00e4ge direkt vor Ort erstellen\t\t\t<\/p>\n\t\t\t\t\t\t\t\t<\/div>\n\t\t<\/div><\/div><div id=\"pgc-37-6-2\"  class=\"panel-grid-cell\" ><div id=\"panel-37-6-2-0\" class=\"so-panel widget widget_circleicon-widget panel-first-child panel-last-child\" data-index=\"9\" >\t\t<div class=\"circle-icon-box circle-icon-position-top circle-icon-hide-box circle-icon-size-small \">\n\t\t\t\t\t\t\t<div class=\"circle-icon-wrapper\">\n\t\t\t\t\t\t\t\t\t\t<div class=\"circle-icon icon-style-set\" style=\"background-color: #688834\">\n\t\t\t\t\t\t\t\t\t\t\t\t\t<div\n\t\t\t\t\t\t\t\tclass=\"fa fa-plus  icon-style-set\"\n\t\t\t\t\t\t\t\tstyle=\"color: #ffffff\"\t\t\t\t\t\t\t><\/div>\n\t\t\t\t\t\t\t\t\t\t\t<\/div>\n\t\t\t\t\t\t\t\t\t<\/div>\n\t\t\t\n\t\t\t\t\t\t\t\t\t\t<h4 >\n\t\t\t\t\tmobile Pflegedokumentation \t\t\t\t<\/h4>\n\t\t\t\t\t\t\n\t\t\t\t\t\t\t<p class=\"text\" >\n\t\t\t\tVitalzeichen, Wunddokumentation, Lagerung, Sturzprotokoll, Pflegebericht, Bedarfsmedikation und SIS ambulant dirket beim Kunden vor Ort\t\t\t<\/p>\n\t\t\t\t\t\t\t\t<\/div>\n\t\t<\/div><\/div><\/div><div id=\"pg-37-7\"  class=\"panel-grid panel-no-style\" ><div id=\"pgc-37-7-0\"  class=\"panel-grid-cell\" ><div id=\"panel-37-7-0-0\" class=\"so-panel widget widget_sow-image panel-first-child panel-last-child\" data-index=\"10\" ><div\n\t\t\t\n\t\t\tclass=\"so-widget-sow-image so-widget-sow-image-default-6ec9e3772f75-37\"\n\t\t\t\n\t\t>\n<div class=\"sow-image-container\">\n\t\t<img \n\tsrc=\"https:\/\/past-software.de\/wordpress\/wp-content\/uploads\/2021\/10\/ipad_neu1.png\" width=\"668\" height=\"705\" srcset=\"https:\/\/past-software.de\/wordpress\/wp-content\/uploads\/2021\/10\/ipad_neu1.png 668w, https:\/\/past-software.de\/wordpress\/wp-content\/uploads\/2021\/10\/ipad_neu1-284x300.png 284w\" sizes=\"(max-width: 668px) 100vw, 668px\" alt=\"\" \t\tclass=\"so-widget-image\"\/>\n\t<\/div>\n\n<\/div><\/div><\/div><div id=\"pgc-37-7-1\"  class=\"panel-grid-cell\" ><div id=\"panel-37-7-1-0\" class=\"so-panel widget widget_sow-editor panel-first-child\" data-index=\"11\" ><div\n\t\t\t\n\t\t\tclass=\"so-widget-sow-editor so-widget-sow-editor-base\"\n\t\t\t\n\t\t>\n<div class=\"siteorigin-widget-tinymce textwidget\">\n\t<p>&nbsp;<\/p>\n<p>&nbsp;<\/p>\n<p>&nbsp;<\/p>\n<\/div>\n<\/div><\/div><div id=\"panel-37-7-1-1\" class=\"so-panel widget widget_sow-editor panel-last-child\" data-index=\"12\" ><div\n\t\t\t\n\t\t\tclass=\"so-widget-sow-editor so-widget-sow-editor-base\"\n\t\t\t\n\t\t>\n<div class=\"siteorigin-widget-tinymce textwidget\">\n\t<section class=\"elementor-section elementor-top-section elementor-element elementor-element-f55e1c4 elementor-section-boxed elementor-section-height-default elementor-section-height-default\" data-id=\"f55e1c4\" data-element_type=\"section\">\n<div class=\"elementor-container elementor-column-gap-default\">\n<div class=\"elementor-column elementor-col-100 elementor-top-column elementor-element elementor-element-9c1e113\" data-id=\"9c1e113\" data-element_type=\"column\">\n<div class=\"elementor-widget-wrap elementor-element-populated\">\n<div class=\"elementor-element elementor-element-6525d1d elementor-widget elementor-widget-text-editor\" data-id=\"6525d1d\" data-element_type=\"widget\" data-widget_type=\"text-editor.default\">\n<div class=\"elementor-widget-container\">\n<p>&nbsp;<\/p>\n<p>Mit <strong>PAST mobil<\/strong> haben Sie dank der digitalen Patientenakte alle wichtigen Informationen jederzeit griffbereit.<\/p>\n<p>Mobile Leistungserfassung, Aufnahme von Kunden, Kostenvoranschl\u00e4ge, digitale Unterschriften, SIS ambulant und Tourenplanung erfassen Sie mit PAST mobil dank der Datenerfassung im Offlinemodus von \u00fcberall.<\/p>\n<p>Die Synchronisierung erfolgt bei bestehender Datenverbindung.<\/p>\n<\/div>\n<\/div>\n<\/div>\n<\/div>\n<\/div>\n<\/section>\n<\/div>\n<\/div><\/div><\/div><\/div><div id=\"pg-37-8\"  class=\"panel-grid panel-no-style\" ><div id=\"pgc-37-8-0\"  class=\"panel-grid-cell\" ><div id=\"panel-37-8-0-0\" class=\"so-panel widget widget_sow-editor panel-first-child panel-last-child\" data-index=\"13\" ><div\n\t\t\t\n\t\t\tclass=\"so-widget-sow-editor so-widget-sow-editor-base\"\n\t\t\t\n\t\t><h3 class=\"widget-title\">PAST Zeiterfassung<\/h3>\n<div class=\"siteorigin-widget-tinymce textwidget\">\n\t<\/div>\n<\/div><\/div><\/div><\/div><div id=\"pg-37-9\"  class=\"panel-grid panel-no-style\" ><div id=\"pgc-37-9-0\"  class=\"panel-grid-cell\" ><div id=\"panel-37-9-0-0\" class=\"so-panel widget widget_sow-image panel-first-child panel-last-child\" data-index=\"14\" ><div\n\t\t\t\n\t\t\tclass=\"so-widget-sow-image so-widget-sow-image-default-4e6925654b7a-37\"\n\t\t\t\n\t\t>\n<div class=\"sow-image-container\">\n\t\t<img \n\tsrc=\"https:\/\/past-software.de\/wordpress\/wp-content\/uploads\/2022\/07\/nfc_Hand-1.jpg\" width=\"600\" height=\"400\" srcset=\"https:\/\/past-software.de\/wordpress\/wp-content\/uploads\/2022\/07\/nfc_Hand-1.jpg 1280w, https:\/\/past-software.de\/wordpress\/wp-content\/uploads\/2022\/07\/nfc_Hand-1-300x300.jpg 300w, https:\/\/past-software.de\/wordpress\/wp-content\/uploads\/2022\/07\/nfc_Hand-1-1024x1020.jpg 1024w, https:\/\/past-software.de\/wordpress\/wp-content\/uploads\/2022\/07\/nfc_Hand-1-150x150.jpg 150w, https:\/\/past-software.de\/wordpress\/wp-content\/uploads\/2022\/07\/nfc_Hand-1-768x765.jpg 768w\" sizes=\"(max-width: 402px) 100vw, 402px\" title=\"nfc_Hand\" alt=\"\" \t\tclass=\"so-widget-image\"\/>\n\t<\/div>\n\n<\/div><\/div><\/div><div id=\"pgc-37-9-1\"  class=\"panel-grid-cell\" ><div id=\"panel-37-9-1-0\" class=\"so-panel widget widget_sow-editor panel-first-child panel-last-child\" data-index=\"15\" ><div\n\t\t\t\n\t\t\tclass=\"so-widget-sow-editor so-widget-sow-editor-base\"\n\t\t\t\n\t\t>\n<div class=\"siteorigin-widget-tinymce textwidget\">\n\t<h3>Zeiterfassung f\u00fcr den ambulanten Pflegedienst und f\u00fcr station\u00e4re Pflegeeinrichtungen<\/h3>\n<p>Um Ihnen und Ihren Mitarbeiter die Erfassung der Arbeitsstunden zu erleichtern, k\u00f6nnen Sie mithilfe von PAST und einem Transponder-Chip die erbrachten Stunden erfassen und diese automatisch in den Mitarbeiterstamm der Software und in den Dienstplan \u00fcbertragen.<\/p>\n<p>Sparen Sie sich das l\u00e4stige Erfassen und Abgleichen der Mitarbeiterstunden \u00fcber einen Stundenzettel und bereiten Sie in wenigen Minuten die Lohnabrechnung vor.<\/p>\n<p>PAST Zeiterfassung bietet auch die M\u00f6glichkeit, dass Ihre Mitarbeiter die Zeit komfortabel via einem Transponder-Chip und einen NFC-Smartphone ortsbezogen beim Starten und Beenden von T\u00e4tigkeiten erfassen.<\/p>\n<\/div>\n<\/div><\/div><\/div><\/div><div id=\"pg-37-10\"  class=\"panel-grid panel-has-style\" ><div class=\"wide-grey panel-row-style panel-row-style-for-37-10\" ><div id=\"pgc-37-10-0\"  class=\"panel-grid-cell\" ><div id=\"panel-37-10-0-0\" class=\"so-panel widget widget_headline-widget panel-first-child panel-last-child\" data-index=\"16\" >\t\t<h1>Support direkt vom Hersteller<\/h1>\n\t\t<div class=\"decoration\"><div class=\"decoration-inside\"><\/div><\/div>\n\t\t<h3>Rufen Sie uns an, wir unterst\u00fctzen Sie gerne via Telefon  0821\/2722962, Fernwartung und E-Mail    info(@)past-software.de<\/h3>\n\t\t<\/div><\/div><\/div><\/div><div id=\"pg-37-11\"  class=\"panel-grid panel-no-style\" ><div id=\"pgc-37-11-0\"  class=\"panel-grid-cell\" ><div id=\"panel-37-11-0-0\" class=\"so-panel widget widget_text panel-first-child\" data-index=\"17\" >\t\t\t<div class=\"textwidget\"><p>Unser Supportteam ist zu folgenden Gesch\u00e4ftszeiten f\u00fcr Sie da. Montag bis Freitag von 9:00 Uhr bis 16:00 Uhr\u00a0 &#8211; Feiertage des Bundesland Bayern ausgenommen<\/p>\n<\/div>\n\t\t<\/div><div id=\"panel-37-11-0-1\" class=\"so-panel widget widget_siteorigin-panels-builder panel-last-child\" data-index=\"18\" ><div id=\"pl-w61cf35fdebc15\"  class=\"panel-layout\" ><div id=\"pg-w61cf35fdebc15-0\"  class=\"panel-grid panel-no-style\" ><div id=\"pgc-w61cf35fdebc15-0-0\"  class=\"panel-grid-cell\" ><div id=\"panel-w61cf35fdebc15-0-0-0\" class=\"so-panel widget widget_sow-image panel-first-child panel-last-child\" data-index=\"0\" ><div\n\t\t\t\n\t\t\tclass=\"so-widget-sow-image so-widget-sow-image-default-8b5b6f678277\"\n\t\t\t\n\t\t>\n<div class=\"sow-image-container\">\n\t\t<img \n\tsrc=\"https:\/\/past-software.de\/wordpress\/wp-content\/uploads\/2021\/12\/Titel_gross-scaled.jpg\" width=\"2560\" height=\"383\" srcset=\"https:\/\/past-software.de\/wordpress\/wp-content\/uploads\/2021\/12\/Titel_gross-scaled.jpg 2560w, https:\/\/past-software.de\/wordpress\/wp-content\/uploads\/2021\/12\/Titel_gross-300x45.jpg 300w, https:\/\/past-software.de\/wordpress\/wp-content\/uploads\/2021\/12\/Titel_gross-1024x153.jpg 1024w, https:\/\/past-software.de\/wordpress\/wp-content\/uploads\/2021\/12\/Titel_gross-768x115.jpg 768w, https:\/\/past-software.de\/wordpress\/wp-content\/uploads\/2021\/12\/Titel_gross-1536x230.jpg 1536w, https:\/\/past-software.de\/wordpress\/wp-content\/uploads\/2021\/12\/Titel_gross-2048x306.jpg 2048w\" sizes=\"(max-width: 2560px) 100vw, 2560px\" title=\"Titel_gro\u00df\" alt=\"\" \t\tclass=\"so-widget-image\"\/>\n\t<\/div>\n\n<\/div><\/div><\/div><\/div><\/div><\/div><\/div><\/div><\/div>","protected":false},"excerpt":{"rendered":"<p>PAST ambulant Planung, Abrechnung Dokumentation PAST ambulant PAST mobil Kundenaufnahme, Leistungserfassung vor Ort in Echtzeit PAST mobil PAST Zeiterfassung Digitale Zeiterfassung f\u00fcr Mitarbeiter PAST Zeiterfassung Die flexible Software f\u00fcr Pflegedienste, individuell anpassbar und erweiterbar. PAST Software f\u00fcr Pflegedienste ist eine Software, die zur Unterst\u00fctzung f\u00fcr ambulante Pflegedienste, Betreuungsdienste, Intensivpflegedienste, Anbieter von Tagespflege, Pflegedienstgr\u00fcnder und etablierte [&hellip;]<\/p>\n","protected":false},"author":1,"featured_media":0,"parent":0,"menu_order":0,"comment_status":"closed","ping_status":"closed","template":"home-panels.php","meta":{"footnotes":""},"class_list":["post-37","page","type-page","status-publish","hentry","post"],"_links":{"self":[{"href":"https:\/\/past-software.de\/wordpress\/wp-json\/wp\/v2\/pages\/37","targetHints":{"allow":["GET"]}}],"collection":[{"href":"https:\/\/past-software.de\/wordpress\/wp-json\/wp\/v2\/pages"}],"about":[{"href":"https:\/\/past-software.de\/wordpress\/wp-json\/wp\/v2\/types\/page"}],"author":[{"embeddable":true,"href":"https:\/\/past-software.de\/wordpress\/wp-json\/wp\/v2\/users\/1"}],"replies":[{"embeddable":true,"href":"https:\/\/past-software.de\/wordpress\/wp-json\/wp\/v2\/comments?post=37"}],"version-history":[{"count":414,"href":"https:\/\/past-software.de\/wordpress\/wp-json\/wp\/v2\/pages\/37\/revisions"}],"predecessor-version":[{"id":1425,"href":"https:\/\/past-software.de\/wordpress\/wp-json\/wp\/v2\/pages\/37\/revisions\/1425"}],"wp:attachment":[{"href":"https:\/\/past-software.de\/wordpress\/wp-json\/wp\/v2\/media?parent=37"}],"curies":[{"name":"wp","href":"https:\/\/api.w.org\/{rel}","templated":true}]}}