{"id":355,"date":"2022-01-07T08:47:13","date_gmt":"2022-01-07T07:47:13","guid":{"rendered":"https:\/\/past-software.de\/wordpress\/?page_id=355"},"modified":"2024-03-04T21:44:30","modified_gmt":"2024-03-04T20:44:30","slug":"kontaktaufnahme","status":"publish","type":"page","link":"https:\/\/past-software.de\/wordpress\/kontaktaufnahme\/","title":{"rendered":"Kontaktaufnahme"},"content":{"rendered":"<div id=\"pl-355\"  class=\"panel-layout\" ><div id=\"pg-355-0\"  class=\"panel-grid panel-no-style\" ><div id=\"pgc-355-0-0\"  class=\"panel-grid-cell panel-grid-cell-empty\" ><\/div><div id=\"pgc-355-0-1\"  class=\"panel-grid-cell panel-grid-cell-mobile-last\" ><div id=\"panel-355-0-1-0\" class=\"so-panel widget widget_sow-image panel-first-child\" data-index=\"0\" ><div\n\t\t\t\n\t\t\tclass=\"so-widget-sow-image so-widget-sow-image-default-8b5b6f678277-355\"\n\t\t\t\n\t\t>\n<div class=\"sow-image-container\">\n\t\t<img \n\tsrc=\"https:\/\/past-software.de\/wordpress\/wp-content\/uploads\/2021\/10\/logo-Past.png\" width=\"790\" height=\"144\" srcset=\"https:\/\/past-software.de\/wordpress\/wp-content\/uploads\/2021\/10\/logo-Past.png 790w, https:\/\/past-software.de\/wordpress\/wp-content\/uploads\/2021\/10\/logo-Past-300x55.png 300w, https:\/\/past-software.de\/wordpress\/wp-content\/uploads\/2021\/10\/logo-Past-768x140.png 768w\" sizes=\"(max-width: 790px) 100vw, 790px\" alt=\"\" \t\tclass=\"so-widget-image\"\/>\n\t<\/div>\n\n<\/div><\/div><div id=\"panel-355-0-1-1\" class=\"so-panel widget widget_sow-editor panel-last-child\" data-index=\"1\" ><div\n\t\t\t\n\t\t\tclass=\"so-widget-sow-editor so-widget-sow-editor-base\"\n\t\t\t\n\t\t><h3 class=\"widget-title\">E-Mail<\/h3>\n<div class=\"siteorigin-widget-tinymce textwidget\">\n\t<p>&nbsp;<\/p>\n<p>Ob Online-Vorf\u00fchrung, Pr\u00e4sentation vor Ort oder Demoversion - es gibt viele Arten unsere Software PAST kennen zu lernen.<br \/>\nWir werden in K\u00fcrze telefonisch oder per E-Mail mit Ihnen Kontakt aufnehmen, um die f\u00fcr Sie passende L\u00f6sung zu finden.<br \/>\nVielen Dank. Ihr PAST Team.<\/p>\n<p><a href=\"mailto:info@past-software.de\">Senden Sie ein E-Mail an   <strong>info@past-software.de<\/strong>:<\/a><\/p>\n<\/div>\n<\/div><\/div><\/div><div id=\"pgc-355-0-2\"  class=\"panel-grid-cell panel-grid-cell-empty\" ><\/div><\/div><\/div>","protected":false},"excerpt":{"rendered":"<p>&nbsp; Ob Online-Vorf\u00fchrung, Pr\u00e4sentation vor Ort oder Demoversion &#8211; es gibt viele Arten unsere Software PAST kennen zu lernen. Wir werden in K\u00fcrze telefonisch oder per E-Mail mit Ihnen Kontakt aufnehmen, um die f\u00fcr Sie passende L\u00f6sung zu finden. Vielen Dank. Ihr PAST Team. Senden Sie ein E-Mail an info@past-software.de:<\/p>\n","protected":false},"author":1,"featured_media":0,"parent":0,"menu_order":0,"comment_status":"closed","ping_status":"closed","template":"","meta":{"footnotes":""},"class_list":["post-355","page","type-page","status-publish","hentry","post"],"_links":{"self":[{"href":"https:\/\/past-software.de\/wordpress\/wp-json\/wp\/v2\/pages\/355","targetHints":{"allow":["GET"]}}],"collection":[{"href":"https:\/\/past-software.de\/wordpress\/wp-json\/wp\/v2\/pages"}],"about":[{"href":"https:\/\/past-software.de\/wordpress\/wp-json\/wp\/v2\/types\/page"}],"author":[{"embeddable":true,"href":"https:\/\/past-software.de\/wordpress\/wp-json\/wp\/v2\/users\/1"}],"replies":[{"embeddable":true,"href":"https:\/\/past-software.de\/wordpress\/wp-json\/wp\/v2\/comments?post=355"}],"version-history":[{"count":23,"href":"https:\/\/past-software.de\/wordpress\/wp-json\/wp\/v2\/pages\/355\/revisions"}],"predecessor-version":[{"id":1418,"href":"https:\/\/past-software.de\/wordpress\/wp-json\/wp\/v2\/pages\/355\/revisions\/1418"}],"wp:attachment":[{"href":"https:\/\/past-software.de\/wordpress\/wp-json\/wp\/v2\/media?parent=355"}],"curies":[{"name":"wp","href":"https:\/\/api.w.org\/{rel}","templated":true}]}}