{"id":325,"date":"2022-01-04T19:57:10","date_gmt":"2022-01-04T18:57:10","guid":{"rendered":"https:\/\/past-software.de\/wordpress\/?page_id=325"},"modified":"2023-04-27T16:18:51","modified_gmt":"2023-04-27T14:18:51","slug":"fernwartungsservice","status":"publish","type":"page","link":"https:\/\/past-software.de\/wordpress\/fernwartungsservice\/","title":{"rendered":"Fernwartungsservice"},"content":{"rendered":"<div id=\"pl-325\"  class=\"panel-layout\" ><div id=\"pg-325-0\"  class=\"panel-grid panel-no-style\" ><div id=\"pgc-325-0-0\"  class=\"panel-grid-cell\" ><div id=\"panel-325-0-0-0\" class=\"so-panel widget widget_sow-editor panel-first-child panel-last-child\" data-index=\"0\" ><div\n\t\t\t\n\t\t\tclass=\"so-widget-sow-editor so-widget-sow-editor-base\"\n\t\t\t\n\t\t>\n<div class=\"siteorigin-widget-tinymce textwidget\">\n\t<p>Fernwartung<br \/>\nErfahren Sie mehr zu unserem Fernwartungsservice und dem daf\u00fcr erforderlichen Vertrag im Rahmen der Servicevereinbarung. Bekanntlich bieten wir unseren Kunden f\u00fcr Service- und Supportleistungen u.a. auch die M\u00f6glichkeit einer Fernwartung an. Auf diese Weise k\u00f6nnen wir schnell auf bestehende Probleme eingehen, alle zur Kl\u00e4rung n\u00f6tigen Informationen direkt sammeln und\/oder vom Kunden gew\u00fcnschte Service-, Support\u2013 und Schulungsleistungen durchf\u00fchren.<\/p>\n<p>Dem jeweiligen Mitarbeiter von Archipas Medien wird somit \u00fcber Remotesupport erm\u00f6glicht, sich auf das System des Kunden aufzuschalten, dieses \u00fcber ein Fernsteuerungsfenster zu steuern und gemeinsam mit dem Kunden daran zu arbeiten. Umgekehrt kann auch er Mitarbeiter von Archipas Medien dem Kunden Einblick in deren System verschaffen.<br \/>\nUm solche Leistungen durchf\u00fchren zu k\u00f6nnen, muss der Kunde Archipas Medien einen Zugriff \u00fcber das Tool \"Team Viewer\" bzw. PC-Visit erm\u00f6glichen. Das jeweilige Programm k\u00f6nnen Sie hier herunterladen:<\/p>\n<\/div>\n<\/div><\/div><\/div><\/div><div id=\"pg-325-1\"  class=\"panel-grid panel-no-style\" ><div id=\"pgc-325-1-0\"  class=\"panel-grid-cell\" ><div id=\"panel-325-1-0-0\" class=\"so-panel widget widget_sow-editor panel-first-child panel-last-child\" data-index=\"1\" ><div\n\t\t\t\n\t\t\tclass=\"so-widget-sow-editor so-widget-sow-editor-base\"\n\t\t\t\n\t\t>\n<div class=\"siteorigin-widget-tinymce textwidget\">\n\t<p><a href=\"https:\/\/get.teamviewer.com\/u9regvz\" target=\"_blank\" rel=\"noopener\"><img loading=\"lazy\" decoding=\"async\" class=\"alignnone size-thumbnail wp-image-1393\" src=\"https:\/\/past-software.de\/wordpress\/wp-content\/uploads\/2023\/04\/Teamviewerbutton-150x41.jpg\" alt=\"\" width=\"150\" height=\"41\" srcset=\"https:\/\/past-software.de\/wordpress\/wp-content\/uploads\/2023\/04\/Teamviewerbutton-150x41.jpg 150w, https:\/\/past-software.de\/wordpress\/wp-content\/uploads\/2023\/04\/Teamviewerbutton.jpg 153w\" sizes=\"auto, (max-width: 150px) 100vw, 150px\" \/><\/a><\/p>\n<\/div>\n<\/div><\/div><\/div><div id=\"pgc-325-1-1\"  class=\"panel-grid-cell\" ><div id=\"panel-325-1-1-0\" class=\"so-panel widget widget_sow-editor panel-first-child panel-last-child\" data-index=\"2\" ><div\n\t\t\t\n\t\t\tclass=\"so-widget-sow-editor so-widget-sow-editor-base\"\n\t\t\t\n\t\t>\n<div class=\"siteorigin-widget-tinymce textwidget\">\n\t<p><a href=\"https:\/\/www.pcvisit.de\/kundenbereich\/downloads\" target=\"_blank\" rel=\"noopener\"><img loading=\"lazy\" decoding=\"async\" class=\"alignnone size-thumbnail wp-image-1394\" src=\"https:\/\/past-software.de\/wordpress\/wp-content\/uploads\/2023\/04\/pcvisit-150x41.jpg\" alt=\"\" width=\"150\" height=\"41\" srcset=\"https:\/\/past-software.de\/wordpress\/wp-content\/uploads\/2023\/04\/pcvisit-150x41.jpg 150w, https:\/\/past-software.de\/wordpress\/wp-content\/uploads\/2023\/04\/pcvisit.jpg 153w\" sizes=\"auto, (max-width: 150px) 100vw, 150px\" \/><\/a><\/p>\n<p>&nbsp;<\/p>\n<\/div>\n<\/div><\/div><\/div><\/div><div id=\"pg-325-2\"  class=\"panel-grid panel-no-style\" ><div id=\"pgc-325-2-0\"  class=\"panel-grid-cell\" ><div id=\"panel-325-2-0-0\" class=\"so-panel widget widget_sow-editor panel-first-child panel-last-child\" data-index=\"3\" ><div\n\t\t\t\n\t\t\tclass=\"so-widget-sow-editor so-widget-sow-editor-base\"\n\t\t\t\n\t\t>\n<div class=\"siteorigin-widget-tinymce textwidget\">\n\t<p>Es gen\u00fcgt das Tool \"TeamViewer Quick Support\" bzw. PC Visit Kundenmodul. Zum Verbindungsaufbau teilt der Kunde einen Mitarbeiter von Archipas Medien die ben\u00f6tigte Session ID mit. F\u00fcr Team Viewer gelten die Systemvoraussetzungen und Hinweise des Herstellers. F\u00fcr Nutzer der Fernwartungsoftware PC Visit teilt ein Mitarbeiter von Archipas Medien dem Kunden eine Session ID mit. F\u00fcr PC Visit gelten die Systemvoraussetzungen und Hinweise des Herstellers<\/p>\n<p><strong>Mit dem Anfordern und Annehmen einer Remote Support-Sitzung \u00fcbernimmt der Kunde die Verantwortung f\u00fcr jegliche \u00c4nderungen an dessen bestehenden Software- und Systemumgebung. Sollten der Kunde\/Nutzer nicht der Eigent\u00fcmer des betroffenen Computers sein, wird dem Kunden\/Nutzer empfohlen, sich die notwendige Erlaubnis vom zust\u00e4ndigen IT-Administrator einzuholen. <\/strong><\/p>\n<p>Die Mitarbeiter von Archipas Medien werden unter keinen Umst\u00e4nden ohne ausdr\u00fcckliche Erlaubnis des Kunden \u00c4nderungen an den Betriebssystem- und Sicherheitseinstellungen vornehmen. Alle Eingriffe k\u00f6nnen Schritt f\u00fcr Schritt vom Kunden mit verfolgt und bei Bedarf von diesem unterbunden werden.<\/p>\n<p>Archipas Medien empfiehlt den Kunden, bevor diese eine Fernwartungssitzung anfordern oder annehmen, alle Anwendungen, welche pers\u00f6nliche oder vertrauliche Informationen enthalten k\u00f6nnten, zu schlie\u00dfen.<\/p>\n<p>Doch selbst bei Einhaltung der vorgenannten Empfehlungen besteht bei einer Fernwartung auch weiterhin die M\u00f6glichkeit, dass auf personenbezogene Daten des Kunden bzw. auf personenbezogene Daten, welche auf dem von der Fernwartung betroffenen System gespeichert sind, zumindest theoretisch zugegriffen werden kann, oder zur Durchf\u00fchrung einer Wartungsma\u00dfnahme ein m\u00f6glicher Zugriff auf personenbezogene Daten ggfs. sogar erforderlich ist.<\/p>\n<p>Zur Einhaltung der daraus resultierenden datenschutzrechtlichen Vorgaben, insbesondere der Datenschutz-Grundverordnung ist es daher zwingend erforderlich, bei dem Erwerb der Service Vereinbahrung bzw. einer Onlineinstallation \u00fcber die Fernwartung eine gesonderte AV- Vereinbarung zu schlie\u00dfen. Diese Vereinbarung k\u00f6nnen Sie jederzeit anfordern.<\/p>\n<p>Archipas Medien und deren Mitarbeiter k\u00f6nnen keine Haftung f\u00fcr von ihr nicht verursachte St\u00f6rungen oder Datenverluste w\u00e4hrend der Fernwartungssitzung \u00fcbernehmen, auch wenn solche in zeitlicher N\u00e4he zum geleisteten Support auftreten.<\/p>\n<p>Archipas Medien kann auch nicht f\u00fcr die unbedingte Problemkl\u00e4rung durch eine ebensolche Fernwartungssitzung garantieren.<\/p>\n<\/div>\n<\/div><\/div><\/div><\/div><\/div>","protected":false},"excerpt":{"rendered":"<p>Fernwartung Erfahren Sie mehr zu unserem Fernwartungsservice und dem daf\u00fcr erforderlichen Vertrag im Rahmen der Servicevereinbarung. Bekanntlich bieten wir unseren Kunden f\u00fcr Service- und Supportleistungen u.a. auch die M\u00f6glichkeit einer Fernwartung an. Auf diese Weise k\u00f6nnen wir schnell auf bestehende Probleme eingehen, alle zur Kl\u00e4rung n\u00f6tigen Informationen direkt sammeln und\/oder vom Kunden gew\u00fcnschte Service-, Support\u2013 [&hellip;]<\/p>\n","protected":false},"author":1,"featured_media":0,"parent":0,"menu_order":0,"comment_status":"closed","ping_status":"closed","template":"","meta":{"footnotes":""},"class_list":["post-325","page","type-page","status-publish","hentry","post"],"_links":{"self":[{"href":"https:\/\/past-software.de\/wordpress\/wp-json\/wp\/v2\/pages\/325","targetHints":{"allow":["GET"]}}],"collection":[{"href":"https:\/\/past-software.de\/wordpress\/wp-json\/wp\/v2\/pages"}],"about":[{"href":"https:\/\/past-software.de\/wordpress\/wp-json\/wp\/v2\/types\/page"}],"author":[{"embeddable":true,"href":"https:\/\/past-software.de\/wordpress\/wp-json\/wp\/v2\/users\/1"}],"replies":[{"embeddable":true,"href":"https:\/\/past-software.de\/wordpress\/wp-json\/wp\/v2\/comments?post=325"}],"version-history":[{"count":12,"href":"https:\/\/past-software.de\/wordpress\/wp-json\/wp\/v2\/pages\/325\/revisions"}],"predecessor-version":[{"id":1397,"href":"https:\/\/past-software.de\/wordpress\/wp-json\/wp\/v2\/pages\/325\/revisions\/1397"}],"wp:attachment":[{"href":"https:\/\/past-software.de\/wordpress\/wp-json\/wp\/v2\/media?parent=325"}],"curies":[{"name":"wp","href":"https:\/\/api.w.org\/{rel}","templated":true}]}}