{"id":319,"date":"2022-01-04T19:53:10","date_gmt":"2022-01-04T18:53:10","guid":{"rendered":"https:\/\/past-software.de\/wordpress\/?page_id=319"},"modified":"2026-01-05T10:25:07","modified_gmt":"2026-01-05T09:25:07","slug":"support","status":"publish","type":"page","link":"https:\/\/past-software.de\/wordpress\/support\/","title":{"rendered":"Unser Service \u2013 Planung, Installation, Schulung und Support"},"content":{"rendered":"<div id=\"pl-319\"  class=\"panel-layout\" ><div id=\"pg-319-0\"  class=\"panel-grid panel-no-style\" ><div id=\"pgc-319-0-0\"  class=\"panel-grid-cell\" ><div id=\"panel-319-0-0-0\" class=\"so-panel widget widget_sow-editor panel-first-child panel-last-child\" data-index=\"0\" ><div\n\t\t\t\n\t\t\tclass=\"so-widget-sow-editor so-widget-sow-editor-base\"\n\t\t\t\n\t\t>\n<div class=\"siteorigin-widget-tinymce textwidget\">\n\t<p>Bei der Ein\u00adf\u00fch\u00adrung neuer Soft\u00adware in einem Un\u00adter\u00adneh\u00admen h\u00e4ngt der Er\u00adfolg nicht nur von der Qua\u00adli\u00adt\u00e4t der je\u00adwei\u00adli\u00adgen Soft\u00adware ab. Ei\u00adne so\u00adli\u00adde Pla\u00adnung, die gr\u00fcnd\u00adliche Schu\u00adlung der zu\u00adk\u00fcnf\u00adtigen Be\u00adnut\u00adzer und pro\u00adfes\u00adsio\u00adnel\u00adler Sup\u00adport, vor al\u00adlem in den ers\u00adten Wo\u00adchen und Mo\u00adna\u00adten des Echt\u00adbe\u00adtriebs, sind eben\u00adso ent\u00adschei\u00addend.<\/p>\n<p>Wir un\u00adter\u00adst\u00fctzten Sie bei der Einstellung der Basisdaten in Ih\u00adrem Unter\u00adneh\u00admen, um ei\u00adnen rei\u00adbungs\u00adlo\u00adsen \u00dcber\u00adgang zu ga\u00adran\u00adtie\u00adren<\/p>\n<p>Sie erhalten eine Einweisung in die Grundlagen der Bedienung von PAST Software. Danach sind Sie startklar. Wir lassen Sie also nicht mit Ihrer neuen Softwarel\u00f6sung allein, sondern sorgen daf\u00fcr, dass Sie reibungslos damit arbeiten und alle Vorteile nutzen k\u00f6nnen. Anschlie\u00dfend profitieren Sie von unserem Servicevereinbarung, der jegliche Unterst\u00fctzungsanfragen beinhaltet.<\/p>\n<\/div>\n<\/div><\/div><\/div><\/div><div id=\"pg-319-1\"  class=\"panel-grid panel-no-style\" ><div id=\"pgc-319-1-0\"  class=\"panel-grid-cell\" ><div id=\"panel-319-1-0-0\" class=\"so-panel widget widget_sow-image panel-first-child panel-last-child\" data-index=\"1\" ><div\n\t\t\t\n\t\t\tclass=\"so-widget-sow-image so-widget-sow-image-default-8b5b6f678277-319\"\n\t\t\t\n\t\t>\n<div class=\"sow-image-container\">\n\t\t<img \n\tsrc=\"https:\/\/past-software.de\/wordpress\/wp-content\/uploads\/2026\/01\/hotline_neu1.jpg\" width=\"374\" height=\"554\" srcset=\"https:\/\/past-software.de\/wordpress\/wp-content\/uploads\/2026\/01\/hotline_neu1.jpg 374w, https:\/\/past-software.de\/wordpress\/wp-content\/uploads\/2026\/01\/hotline_neu1-203x300.jpg 203w\" sizes=\"(max-width: 374px) 100vw, 374px\" alt=\"\" \t\tclass=\"so-widget-image\"\/>\n\t<\/div>\n\n<\/div><\/div><\/div><div id=\"pgc-319-1-1\"  class=\"panel-grid-cell\" ><div id=\"panel-319-1-1-0\" class=\"so-panel widget widget_sow-image panel-first-child panel-last-child\" data-index=\"2\" ><div\n\t\t\t\n\t\t\tclass=\"so-widget-sow-image so-widget-sow-image-default-8b5b6f678277-319\"\n\t\t\t\n\t\t>\n<div class=\"sow-image-container\">\n\t\t\t<a href=\"https:\/\/past-software.de\/wordpress\/fernwartungsservice\/\"\n\t\t\t\t\t>\n\t\t\t<img \n\tsrc=\"https:\/\/past-software.de\/wordpress\/wp-content\/uploads\/2022\/01\/hotline_neu2a.png\" width=\"374\" height=\"554\" srcset=\"https:\/\/past-software.de\/wordpress\/wp-content\/uploads\/2022\/01\/hotline_neu2a.png 374w, https:\/\/past-software.de\/wordpress\/wp-content\/uploads\/2022\/01\/hotline_neu2a-203x300.png 203w\" sizes=\"(max-width: 374px) 100vw, 374px\" alt=\"weiterlesen\" \t\tclass=\"so-widget-image\"\/>\n\t\t\t<\/a><\/div>\n\n<\/div><\/div><\/div><\/div><\/div>","protected":false},"excerpt":{"rendered":"<p>Bei der Ein\u00adf\u00fch\u00adrung neuer Soft\u00adware in einem Un\u00adter\u00adneh\u00admen h\u00e4ngt der Er\u00adfolg nicht nur von der Qua\u00adli\u00adt\u00e4t der je\u00adwei\u00adli\u00adgen Soft\u00adware ab. Ei\u00adne so\u00adli\u00adde Pla\u00adnung, die gr\u00fcnd\u00adliche Schu\u00adlung der zu\u00adk\u00fcnf\u00adtigen Be\u00adnut\u00adzer und pro\u00adfes\u00adsio\u00adnel\u00adler Sup\u00adport, vor al\u00adlem in den ers\u00adten Wo\u00adchen und Mo\u00adna\u00adten des Echt\u00adbe\u00adtriebs, sind eben\u00adso ent\u00adschei\u00addend. Wir un\u00adter\u00adst\u00fctzten Sie bei der Einstellung der Basisdaten in Ih\u00adrem [&hellip;]<\/p>\n","protected":false},"author":1,"featured_media":0,"parent":0,"menu_order":0,"comment_status":"closed","ping_status":"closed","template":"","meta":{"footnotes":""},"class_list":["post-319","page","type-page","status-publish","hentry","post"],"_links":{"self":[{"href":"https:\/\/past-software.de\/wordpress\/wp-json\/wp\/v2\/pages\/319","targetHints":{"allow":["GET"]}}],"collection":[{"href":"https:\/\/past-software.de\/wordpress\/wp-json\/wp\/v2\/pages"}],"about":[{"href":"https:\/\/past-software.de\/wordpress\/wp-json\/wp\/v2\/types\/page"}],"author":[{"embeddable":true,"href":"https:\/\/past-software.de\/wordpress\/wp-json\/wp\/v2\/users\/1"}],"replies":[{"embeddable":true,"href":"https:\/\/past-software.de\/wordpress\/wp-json\/wp\/v2\/comments?post=319"}],"version-history":[{"count":19,"href":"https:\/\/past-software.de\/wordpress\/wp-json\/wp\/v2\/pages\/319\/revisions"}],"predecessor-version":[{"id":1428,"href":"https:\/\/past-software.de\/wordpress\/wp-json\/wp\/v2\/pages\/319\/revisions\/1428"}],"wp:attachment":[{"href":"https:\/\/past-software.de\/wordpress\/wp-json\/wp\/v2\/media?parent=319"}],"curies":[{"name":"wp","href":"https:\/\/api.w.org\/{rel}","templated":true}]}}